{"id":15373,"date":"2022-03-14T14:17:08","date_gmt":"2022-03-14T06:17:08","guid":{"rendered":"https:\/\/www.ftsafe.com\/payment\/?page_id=15373"},"modified":"2023-04-12T10:26:45","modified_gmt":"2023-04-12T02:26:45","slug":"payment-iot-bu-leadership-4","status":"publish","type":"page","link":"https:\/\/www.ftsafe.com\/payment\/fr\/payment-iot-bu-leadership-4\/","title":{"rendered":"Payment &#038; IOT BU leadership"},"content":{"rendered":"\t\t<div data-elementor-type=\"wp-page\" data-elementor-id=\"15373\" class=\"elementor elementor-15373\" data-elementor-settings=\"[]\">\n\t\t\t\t\t\t<div class=\"elementor-inner\">\n\t\t\t\t\t\t\t<div class=\"elementor-section-wrap\">\n\t\t\t\t\t\t\t<section class=\"elementor-section elementor-top-section elementor-element elementor-element-a8893a4 elementor-section-full_width elementor-section-height-default elementor-section-height-default\" data-id=\"a8893a4\" data-element_type=\"section\">\n\t\t\t\t\t\t<div class=\"elementor-container elementor-column-gap-default\">\n\t\t\t\t\t\t\t<div class=\"elementor-row\">\n\t\t\t\t\t<div class=\"elementor-column elementor-col-100 elementor-top-column elementor-element elementor-element-0dcb987\" data-id=\"0dcb987\" data-element_type=\"column\">\n\t\t\t<div class=\"elementor-column-wrap elementor-element-populated\">\n\t\t\t\t\t\t\t<div class=\"elementor-widget-wrap\">\n\t\t\t\t\t\t<div class=\"elementor-element elementor-element-628e018 elementor-widget elementor-widget-image\" data-id=\"628e018\" data-element_type=\"widget\" data-widget_type=\"image.default\">\n\t\t\t\t<div class=\"elementor-widget-container\">\n\t\t\t\t\t<div class=\"elementor-image\">\n\t\t\t\t\t\t\t\t\t\t<img loading=\"lazy\" decoding=\"async\" width=\"1920\" height=\"810\" src=\"https:\/\/www.ftsafe.com\/payment\/wp-content\/uploads\/2022\/03\/Leadership-2.jpg\" class=\"attachment-full size-full\" alt=\"\" srcset=\"https:\/\/www.ftsafe.com\/payment\/wp-content\/uploads\/2022\/03\/Leadership-2.jpg 1920w, https:\/\/www.ftsafe.com\/payment\/wp-content\/uploads\/2022\/03\/Leadership-2-300x127.jpg 300w, https:\/\/www.ftsafe.com\/payment\/wp-content\/uploads\/2022\/03\/Leadership-2-1024x432.jpg 1024w, https:\/\/www.ftsafe.com\/payment\/wp-content\/uploads\/2022\/03\/Leadership-2-768x324.jpg 768w, https:\/\/www.ftsafe.com\/payment\/wp-content\/uploads\/2022\/03\/Leadership-2-1536x648.jpg 1536w, https:\/\/www.ftsafe.com\/payment\/wp-content\/uploads\/2022\/03\/Leadership-2-24x10.jpg 24w, https:\/\/www.ftsafe.com\/payment\/wp-content\/uploads\/2022\/03\/Leadership-2-36x15.jpg 36w, https:\/\/www.ftsafe.com\/payment\/wp-content\/uploads\/2022\/03\/Leadership-2-48x20.jpg 48w\" sizes=\"(max-width: 1920px) 100vw, 1920px\" \/>\t\t\t\t\t\t\t\t\t\t\t<\/div>\n\t\t\t\t<\/div>\n\t\t\t\t<\/div>\n\t\t\t\t\t\t<\/div>\n\t\t\t\t\t<\/div>\n\t\t<\/div>\n\t\t\t\t\t\t\t\t<\/div>\n\t\t\t\t\t<\/div>\n\t\t<\/section>\n\t\t\t\t<section class=\"elementor-section elementor-top-section elementor-element elementor-element-f52d82f iot-payment-business-unit elementor-section-boxed elementor-section-height-default elementor-section-height-default\" data-id=\"f52d82f\" data-element_type=\"section\">\n\t\t\t\t\t\t<div class=\"elementor-container elementor-column-gap-default\">\n\t\t\t\t\t\t\t<div class=\"elementor-row\">\n\t\t\t\t\t<div class=\"elementor-column elementor-col-50 elementor-top-column elementor-element elementor-element-9ff6f36 animated-slow elementor-invisible\" data-id=\"9ff6f36\" data-element_type=\"column\" data-settings=\"{&quot;animation_delay&quot;:100,&quot;animation&quot;:&quot;fadeInLeft&quot;}\">\n\t\t\t<div class=\"elementor-column-wrap elementor-element-populated\">\n\t\t\t\t\t\t\t<div class=\"elementor-widget-wrap\">\n\t\t\t\t\t\t<div class=\"elementor-element elementor-element-96d3544 elementor-widget elementor-widget-image\" data-id=\"96d3544\" data-element_type=\"widget\" data-widget_type=\"image.default\">\n\t\t\t\t<div class=\"elementor-widget-container\">\n\t\t\t\t\t<div class=\"elementor-image\">\n\t\t\t\t\t\t\t\t\t\t\t<a href=\"https:\/\/www.linkedin.com\/in\/yan-yan-518945116\/\">\n\t\t\t\t\t\t\t<img loading=\"lazy\" decoding=\"async\" width=\"551\" height=\"528\" src=\"https:\/\/www.ftsafe.com\/payment\/wp-content\/uploads\/2023\/03\/Yan-Yan-F.png\" class=\"attachment-full size-full\" alt=\"\" srcset=\"https:\/\/www.ftsafe.com\/payment\/wp-content\/uploads\/2023\/03\/Yan-Yan-F.png 551w, https:\/\/www.ftsafe.com\/payment\/wp-content\/uploads\/2023\/03\/Yan-Yan-F-300x287.png 300w, https:\/\/www.ftsafe.com\/payment\/wp-content\/uploads\/2023\/03\/Yan-Yan-F-24x24.png 24w, https:\/\/www.ftsafe.com\/payment\/wp-content\/uploads\/2023\/03\/Yan-Yan-F-36x34.png 36w, https:\/\/www.ftsafe.com\/payment\/wp-content\/uploads\/2023\/03\/Yan-Yan-F-48x46.png 48w\" sizes=\"(max-width: 551px) 100vw, 551px\" \/>\t\t\t\t\t\t\t\t<\/a>\n\t\t\t\t\t\t\t\t\t\t\t<\/div>\n\t\t\t\t<\/div>\n\t\t\t\t<\/div>\n\t\t\t\t\t\t<\/div>\n\t\t\t\t\t<\/div>\n\t\t<\/div>\n\t\t\t\t<div class=\"elementor-column elementor-col-50 elementor-top-column elementor-element elementor-element-2d31928 animated-slow elementor-invisible\" data-id=\"2d31928\" data-element_type=\"column\" data-settings=\"{&quot;animation&quot;:&quot;fadeInRight&quot;}\">\n\t\t\t<div class=\"elementor-column-wrap elementor-element-populated\">\n\t\t\t\t\t\t\t<div class=\"elementor-widget-wrap\">\n\t\t\t\t\t\t<div class=\"elementor-element elementor-element-c5f536a elementor-widget elementor-widget-text-editor\" data-id=\"c5f536a\" data-element_type=\"widget\" data-widget_type=\"text-editor.default\">\n\t\t\t\t<div class=\"elementor-widget-container\">\n\t\t\t\t\t<div class=\"elementor-text-editor elementor-clearfix\"><div><div><span style=\"font-family: Calibri, sans-serif;\">Yan Yan est vice-pr\u00e9sident du groupe FEITIAN depuis 2014, agissant en tant que directeur g\u00e9n\u00e9ral du d\u00e9partement des affaires internationales (IBD) et de l&#8217;unit\u00e9 commerciale SmartCard (SBU).<\/span><\/div><div>\u00a0<\/div><div><span style=\"font-family: Calibri, sans-serif;\">Avant de rejoindre FEITIAN, Yan Yan a travaill\u00e9 pour G&amp;D (China) Technology Co., Ltd. pendant 15 ans, en tant que responsable de la gestion des produits.<\/span><\/div><div>\u00a0<\/div><div><span style=\"font-family: Calibri, sans-serif;\"><span style=\"font-family: Calibri, sans-serif;\">Il est titulaire d&#8217;une Master en ing\u00e9nierie<span style=\"font-family: Georgia, 'Times New Roman', 'Bitstream Charter', Times, serif;\">\u00a0<\/span><\/span><\/span><span style=\"font-family: Calibri, sans-serif;\">de l&#8217;Universit\u00e9 BEIHANG et d&#8217;une licence en automatisation \u00e9lectrique industrielle de l&#8217;Universit\u00e9 des sciences et technologies de P\u00e9kin.<\/span><\/div><\/div><div>\u00a0<\/div><\/div>\n\t\t\t\t<\/div>\n\t\t\t\t<\/div>\n\t\t\t\t\t\t<\/div>\n\t\t\t\t\t<\/div>\n\t\t<\/div>\n\t\t\t\t\t\t\t\t<\/div>\n\t\t\t\t\t<\/div>\n\t\t<\/section>\n\t\t\t\t<section class=\"elementor-section elementor-top-section elementor-element elementor-element-ec046a2 iot-payment-business-unit  elementor-section-boxed elementor-section-height-default elementor-section-height-default\" data-id=\"ec046a2\" data-element_type=\"section\" data-settings=\"{&quot;background_background&quot;:&quot;classic&quot;}\">\n\t\t\t\t\t\t<div class=\"elementor-container elementor-column-gap-default\">\n\t\t\t\t\t\t\t<div class=\"elementor-row\">\n\t\t\t\t\t<div class=\"elementor-column elementor-col-50 elementor-top-column elementor-element elementor-element-8c451a3 animated-slow elementor-invisible\" data-id=\"8c451a3\" data-element_type=\"column\" data-settings=\"{&quot;animation&quot;:&quot;fadeInLeft&quot;}\">\n\t\t\t<div class=\"elementor-column-wrap elementor-element-populated\">\n\t\t\t\t\t\t\t<div class=\"elementor-widget-wrap\">\n\t\t\t\t\t\t<div class=\"elementor-element elementor-element-f009990 elementor-widget elementor-widget-text-editor\" data-id=\"f009990\" data-element_type=\"widget\" data-widget_type=\"text-editor.default\">\n\t\t\t\t<div class=\"elementor-widget-container\">\n\t\t\t\t\t<div class=\"elementor-text-editor elementor-clearfix\"><p>Mahaveer est un technocrate de l&#8217;IOT et des paiements avec plus de 20 ans d&#8217;exp\u00e9rience mondiale dans les t\u00e9l\u00e9communications, les BFSI et les paiements, avec de solides comp\u00e9tences entrepreneuriales et une bonne connaissance du march\u00e9.<\/p>\n<p>En tant qu&#8217;ing\u00e9nieur BE, MCA et MBA, il dirige, commercialise et d\u00e9veloppe actuellement des activit\u00e9s mondiales pour le commerce vertical de IOT &amp; Paiement du Groupe Feitian, tout en se concentrant \u00e0 l&#8217;\u00e9chelle mondiale pour d\u00e9finir le d\u00e9veloppement commercial, les produits innovants et les strat\u00e9gies marketing de Feitian.<\/p>\n<p>Mahaveer a \u00e9t\u00e9 un leader pragmatique et orient\u00e9 vers l&#8217;action, qui forge et entretient des relations symbiotiques avec int\u00e9grit\u00e9, a un sens aigu des affaires, une d\u00e9termination in\u00e9branlable pour le succ\u00e8s et des capacit\u00e9s \u00e9prouv\u00e9es \u00e0 faire converger les ressources essentielles&nbsp;; formuler et guider l&#8217;ex\u00e9cution de strat\u00e9gies technologiques globales d&#8217;\u00e9mission et d&#8217;acquisition.<\/p>\n<p>Avoir une connaissance approfondie avec une attitude d&#8217;apprenant des derni\u00e8res technologies IOT, paiements, services financiers mobiles et services \u00e0 valeur ajout\u00e9e (VAS) lui permet d&#8217;innover et d&#8217;am\u00e9liorer les offres de l&#8217;entreprise<\/p><\/div>\n\t\t\t\t<\/div>\n\t\t\t\t<\/div>\n\t\t\t\t\t\t<\/div>\n\t\t\t\t\t<\/div>\n\t\t<\/div>\n\t\t\t\t<div class=\"elementor-column elementor-col-50 elementor-top-column elementor-element elementor-element-fc24173 animated-slow elementor-invisible\" data-id=\"fc24173\" data-element_type=\"column\" data-settings=\"{&quot;animation&quot;:&quot;fadeInRight&quot;}\">\n\t\t\t<div class=\"elementor-column-wrap elementor-element-populated\">\n\t\t\t\t\t\t\t<div class=\"elementor-widget-wrap\">\n\t\t\t\t\t\t<div class=\"elementor-element elementor-element-5c0b04a elementor-widget elementor-widget-image\" data-id=\"5c0b04a\" data-element_type=\"widget\" data-widget_type=\"image.default\">\n\t\t\t\t<div class=\"elementor-widget-container\">\n\t\t\t\t\t<div class=\"elementor-image\">\n\t\t\t\t\t\t\t\t\t\t\t<a href=\"https:\/\/www.linkedin.com\/in\/mahavirtelepro\/\">\n\t\t\t\t\t\t\t<img loading=\"lazy\" decoding=\"async\" width=\"551\" height=\"528\" src=\"https:\/\/www.ftsafe.com\/payment\/wp-content\/uploads\/2022\/03\/MahaveerShah-1.png\" class=\"attachment-full size-full\" alt=\"\" srcset=\"https:\/\/www.ftsafe.com\/payment\/wp-content\/uploads\/2022\/03\/MahaveerShah-1.png 551w, https:\/\/www.ftsafe.com\/payment\/wp-content\/uploads\/2022\/03\/MahaveerShah-1-300x287.png 300w, https:\/\/www.ftsafe.com\/payment\/wp-content\/uploads\/2022\/03\/MahaveerShah-1-24x24.png 24w, https:\/\/www.ftsafe.com\/payment\/wp-content\/uploads\/2022\/03\/MahaveerShah-1-36x34.png 36w, https:\/\/www.ftsafe.com\/payment\/wp-content\/uploads\/2022\/03\/MahaveerShah-1-48x46.png 48w\" sizes=\"(max-width: 551px) 100vw, 551px\" \/>\t\t\t\t\t\t\t\t<\/a>\n\t\t\t\t\t\t\t\t\t\t\t<\/div>\n\t\t\t\t<\/div>\n\t\t\t\t<\/div>\n\t\t\t\t\t\t<\/div>\n\t\t\t\t\t<\/div>\n\t\t<\/div>\n\t\t\t\t\t\t\t\t<\/div>\n\t\t\t\t\t<\/div>\n\t\t<\/section>\n\t\t\t\t<section class=\"elementor-section elementor-top-section elementor-element elementor-element-0f89b58 iot-payment-business-unit elementor-section-boxed elementor-section-height-default elementor-section-height-default\" data-id=\"0f89b58\" data-element_type=\"section\">\n\t\t\t\t\t\t<div class=\"elementor-container elementor-column-gap-default\">\n\t\t\t\t\t\t\t<div class=\"elementor-row\">\n\t\t\t\t\t<div class=\"elementor-column elementor-col-50 elementor-top-column elementor-element elementor-element-6f7ab65 animated-slow elementor-invisible\" data-id=\"6f7ab65\" data-element_type=\"column\" data-settings=\"{&quot;animation&quot;:&quot;fadeInLeft&quot;}\">\n\t\t\t<div class=\"elementor-column-wrap elementor-element-populated\">\n\t\t\t\t\t\t\t<div class=\"elementor-widget-wrap\">\n\t\t\t\t\t\t<div class=\"elementor-element elementor-element-cb928b5 elementor-widget elementor-widget-image\" data-id=\"cb928b5\" data-element_type=\"widget\" data-widget_type=\"image.default\">\n\t\t\t\t<div class=\"elementor-widget-container\">\n\t\t\t\t\t<div class=\"elementor-image\">\n\t\t\t\t\t\t\t\t\t\t\t<a href=\"https:\/\/www.linkedin.com\/in\/riad-laqlach-aa00b135\/\">\n\t\t\t\t\t\t\t<img loading=\"lazy\" decoding=\"async\" width=\"551\" height=\"528\" src=\"https:\/\/www.ftsafe.com\/payment\/wp-content\/uploads\/2022\/03\/RiadLAQLACH-1.png\" class=\"attachment-full size-full\" alt=\"\" srcset=\"https:\/\/www.ftsafe.com\/payment\/wp-content\/uploads\/2022\/03\/RiadLAQLACH-1.png 551w, https:\/\/www.ftsafe.com\/payment\/wp-content\/uploads\/2022\/03\/RiadLAQLACH-1-300x287.png 300w, https:\/\/www.ftsafe.com\/payment\/wp-content\/uploads\/2022\/03\/RiadLAQLACH-1-24x24.png 24w, https:\/\/www.ftsafe.com\/payment\/wp-content\/uploads\/2022\/03\/RiadLAQLACH-1-36x34.png 36w, https:\/\/www.ftsafe.com\/payment\/wp-content\/uploads\/2022\/03\/RiadLAQLACH-1-48x46.png 48w\" sizes=\"(max-width: 551px) 100vw, 551px\" \/>\t\t\t\t\t\t\t\t<\/a>\n\t\t\t\t\t\t\t\t\t\t\t<\/div>\n\t\t\t\t<\/div>\n\t\t\t\t<\/div>\n\t\t\t\t\t\t<\/div>\n\t\t\t\t\t<\/div>\n\t\t<\/div>\n\t\t\t\t<div class=\"elementor-column elementor-col-50 elementor-top-column elementor-element elementor-element-6bed639 animated-slow elementor-invisible\" data-id=\"6bed639\" data-element_type=\"column\" data-settings=\"{&quot;animation&quot;:&quot;fadeInRight&quot;}\">\n\t\t\t<div class=\"elementor-column-wrap elementor-element-populated\">\n\t\t\t\t\t\t\t<div class=\"elementor-widget-wrap\">\n\t\t\t\t\t\t<div class=\"elementor-element elementor-element-49c69bd elementor-widget elementor-widget-text-editor\" data-id=\"49c69bd\" data-element_type=\"widget\" data-widget_type=\"text-editor.default\">\n\t\t\t\t<div class=\"elementor-widget-container\">\n\t\t\t\t\t<div class=\"elementor-text-editor elementor-clearfix\"><p>Riad LAQLACH est un serial entrepreneur sp\u00e9cialis\u00e9 dans les solutions de cryptographie, de cybers\u00e9curit\u00e9 et de paiement num\u00e9rique. Il a obtenu son baccalaur\u00e9at et sa ma\u00eetrise en ing\u00e9nierie (S\u00e9curit\u00e9 des donn\u00e9es) de l&#8217;Universit\u00e9 de Rabat et a commenc\u00e9 sa carri\u00e8re en tant que chef d&#8217;\u00e9quipe avec un fournisseur de plate-forme de paiement cr\u00e9ant des plates-formes PKI et 3D Secure, Grasp This, avant de partir pour d\u00e9marrer une s\u00e9rie d&#8217;entreprises technologiques. cela allait du paiement num\u00e9rique et des applications VAS \u00e0 plusieurs impl\u00e9mentations de blockchain.<\/p><p>Fort d&#8217;une vaste exp\u00e9rience dans la cr\u00e9ation de plates-formes num\u00e9riques \u00e9volutives dans tous les secteurs technologiques, Riad a rejoint Feitian pour diriger l&#8217;ing\u00e9nierie et piloter le d\u00e9veloppement de produits qui s&#8217;alignent \u00e9troitement sur la strat\u00e9gie commerciale de Feitian pour apporter leurs services et solutions technologiques en tant que leader du march\u00e9<\/p><\/div>\n\t\t\t\t<\/div>\n\t\t\t\t<\/div>\n\t\t\t\t\t\t<\/div>\n\t\t\t\t\t<\/div>\n\t\t<\/div>\n\t\t\t\t\t\t\t\t<\/div>\n\t\t\t\t\t<\/div>\n\t\t<\/section>\n\t\t\t\t<section class=\"elementor-section elementor-top-section elementor-element elementor-element-3e5e6a0 iot-payment-business-unit  elementor-section-boxed elementor-section-height-default elementor-section-height-default\" data-id=\"3e5e6a0\" data-element_type=\"section\" data-settings=\"{&quot;background_background&quot;:&quot;classic&quot;}\">\n\t\t\t\t\t\t<div class=\"elementor-container elementor-column-gap-default\">\n\t\t\t\t\t\t\t<div class=\"elementor-row\">\n\t\t\t\t\t<div class=\"elementor-column elementor-col-50 elementor-top-column elementor-element elementor-element-99199c5 animated-slow elementor-invisible\" data-id=\"99199c5\" data-element_type=\"column\" data-settings=\"{&quot;animation&quot;:&quot;fadeInLeft&quot;}\">\n\t\t\t<div class=\"elementor-column-wrap elementor-element-populated\">\n\t\t\t\t\t\t\t<div class=\"elementor-widget-wrap\">\n\t\t\t\t\t\t<div class=\"elementor-element elementor-element-e48cb88 elementor-widget elementor-widget-text-editor\" data-id=\"e48cb88\" data-element_type=\"widget\" data-widget_type=\"text-editor.default\">\n\t\t\t\t<div class=\"elementor-widget-container\">\n\t\t\t\t\t<div class=\"elementor-text-editor elementor-clearfix\"><div><div>\u00a0<\/div><div><span style=\"font-family: Calibri, sans-serif;\">Peter Pi a rejoint FEITIAN Company en 2011 et est le directeur par\u00a0<\/span><span style=\"font-family: Calibri, sans-serif;\">interim\u00a0<\/span>de Produits &amp; RD dans l&#8217;unit\u00e9 commerciale IoT &amp; Payment, aussi il est le directeur g\u00e9n\u00e9ral du d\u00e9partement de terminal intelligent, responsable du d\u00e9veloppement des produits ainsi que de la cha\u00eene d&#8217;approvisionnement afin d&#8217;apporter la garantie d&#8217;un d\u00e9veloppement commercial harmonieux.<\/div><div><span style=\"font-family: Calibri, sans-serif;\">\u00a0<\/span><\/div><div><span style=\"font-family: Calibri, sans-serif;\">L&#8217;attente professionnelle de Peter Pi est de fournir en permanence aux clients l&#8217;exp\u00e9rience produit ultime. Il esp\u00e8re que les terminaux intelligents de FEITIAN seront utiles \u00e0 l&#8217;informatisation, \u00e0 la num\u00e9risation et \u00e0 la transformation intelligente de diverses industries.<\/span><\/div><div>\u00a0<\/div><\/div><\/div>\n\t\t\t\t<\/div>\n\t\t\t\t<\/div>\n\t\t\t\t\t\t<\/div>\n\t\t\t\t\t<\/div>\n\t\t<\/div>\n\t\t\t\t<div class=\"elementor-column elementor-col-50 elementor-top-column elementor-element elementor-element-cc6c816 animated-slow elementor-invisible\" data-id=\"cc6c816\" data-element_type=\"column\" data-settings=\"{&quot;animation&quot;:&quot;fadeInRight&quot;}\">\n\t\t\t<div class=\"elementor-column-wrap elementor-element-populated\">\n\t\t\t\t\t\t\t<div class=\"elementor-widget-wrap\">\n\t\t\t\t\t\t<div class=\"elementor-element elementor-element-097c124 elementor-widget elementor-widget-image\" data-id=\"097c124\" data-element_type=\"widget\" data-widget_type=\"image.default\">\n\t\t\t\t<div class=\"elementor-widget-container\">\n\t\t\t\t\t<div class=\"elementor-image\">\n\t\t\t\t\t\t\t\t\t\t\t<a href=\"https:\/\/www.linkedin.com\/in\/mahavirtelepro\/\">\n\t\t\t\t\t\t\t<img loading=\"lazy\" decoding=\"async\" width=\"551\" height=\"528\" src=\"https:\/\/www.ftsafe.com\/payment\/wp-content\/uploads\/2023\/03\/Peter-Pi-F.png\" class=\"attachment-full size-full\" alt=\"\" srcset=\"https:\/\/www.ftsafe.com\/payment\/wp-content\/uploads\/2023\/03\/Peter-Pi-F.png 551w, https:\/\/www.ftsafe.com\/payment\/wp-content\/uploads\/2023\/03\/Peter-Pi-F-300x287.png 300w, https:\/\/www.ftsafe.com\/payment\/wp-content\/uploads\/2023\/03\/Peter-Pi-F-24x24.png 24w, https:\/\/www.ftsafe.com\/payment\/wp-content\/uploads\/2023\/03\/Peter-Pi-F-36x34.png 36w, https:\/\/www.ftsafe.com\/payment\/wp-content\/uploads\/2023\/03\/Peter-Pi-F-48x46.png 48w\" sizes=\"(max-width: 551px) 100vw, 551px\" \/>\t\t\t\t\t\t\t\t<\/a>\n\t\t\t\t\t\t\t\t\t\t\t<\/div>\n\t\t\t\t<\/div>\n\t\t\t\t<\/div>\n\t\t\t\t\t\t<\/div>\n\t\t\t\t\t<\/div>\n\t\t<\/div>\n\t\t\t\t\t\t\t\t<\/div>\n\t\t\t\t\t<\/div>\n\t\t<\/section>\n\t\t\t\t\t\t<\/div>\n\t\t\t\t\t\t<\/div>\n\t\t\t\t\t<\/div>\n\t\t","protected":false},"excerpt":{"rendered":"<p>Yan Yan est vice-pr\u00e9sident du groupe FEITIAN depuis 2014, agissant en tant que directeur g\u00e9n\u00e9ral du d\u00e9partement des affaires internationales (IBD) et de l&#8217;unit\u00e9 commerciale SmartCard (SBU).\u00a0Avant de rejoindre FEITIAN, Yan Yan a travaill\u00e9 pour G&amp;D (China) Technology Co., Ltd. pendant 15 ans, en tant que responsable de la gestion des produits.\u00a0Il est titulaire d&#8217;une [&hellip;]<\/p>\n","protected":false},"author":1,"featured_media":0,"parent":0,"menu_order":0,"comment_status":"closed","ping_status":"closed","template":"elementor_header_footer","meta":{"footnotes":""},"_links":{"self":[{"href":"https:\/\/www.ftsafe.com\/payment\/wp-json\/wp\/v2\/pages\/15373"}],"collection":[{"href":"https:\/\/www.ftsafe.com\/payment\/wp-json\/wp\/v2\/pages"}],"about":[{"href":"https:\/\/www.ftsafe.com\/payment\/wp-json\/wp\/v2\/types\/page"}],"author":[{"embeddable":true,"href":"https:\/\/www.ftsafe.com\/payment\/wp-json\/wp\/v2\/users\/1"}],"replies":[{"embeddable":true,"href":"https:\/\/www.ftsafe.com\/payment\/wp-json\/wp\/v2\/comments?post=15373"}],"version-history":[{"count":25,"href":"https:\/\/www.ftsafe.com\/payment\/wp-json\/wp\/v2\/pages\/15373\/revisions"}],"predecessor-version":[{"id":20260,"href":"https:\/\/www.ftsafe.com\/payment\/wp-json\/wp\/v2\/pages\/15373\/revisions\/20260"}],"wp:attachment":[{"href":"https:\/\/www.ftsafe.com\/payment\/wp-json\/wp\/v2\/media?parent=15373"}],"curies":[{"name":"wp","href":"https:\/\/api.w.org\/{rel}","templated":true}]}}