{"id":15363,"date":"2022-03-14T14:15:18","date_gmt":"2022-03-14T06:15:18","guid":{"rendered":"https:\/\/www.ftsafe.com\/payment\/?page_id=15363"},"modified":"2022-03-15T21:55:23","modified_gmt":"2022-03-15T13:55:23","slug":"food-beverage-5","status":"publish","type":"page","link":"https:\/\/www.ftsafe.com\/payment\/fr\/food-beverage-5\/","title":{"rendered":"Food &#038; Beverage"},"content":{"rendered":"\t\t<div data-elementor-type=\"wp-page\" data-elementor-id=\"15363\" class=\"elementor elementor-15363\" data-elementor-settings=\"[]\">\n\t\t\t\t\t\t<div class=\"elementor-inner\">\n\t\t\t\t\t\t\t<div class=\"elementor-section-wrap\">\n\t\t\t\t\t\t\t<section class=\"elementor-section elementor-top-section elementor-element elementor-element-ce86f74 elementor-section-full_width elementor-section-height-default elementor-section-height-default\" data-id=\"ce86f74\" data-element_type=\"section\">\n\t\t\t\t\t\t<div class=\"elementor-container elementor-column-gap-default\">\n\t\t\t\t\t\t\t<div class=\"elementor-row\">\n\t\t\t\t\t<div class=\"elementor-column elementor-col-100 elementor-top-column elementor-element elementor-element-f7beca1\" data-id=\"f7beca1\" data-element_type=\"column\">\n\t\t\t<div class=\"elementor-column-wrap elementor-element-populated\">\n\t\t\t\t\t\t\t<div class=\"elementor-widget-wrap\">\n\t\t\t\t\t\t<div class=\"elementor-element elementor-element-69a7d06 elementor-widget elementor-widget-image\" data-id=\"69a7d06\" data-element_type=\"widget\" data-widget_type=\"image.default\">\n\t\t\t\t<div class=\"elementor-widget-container\">\n\t\t\t\t\t<div class=\"elementor-image\">\n\t\t\t\t\t\t\t\t\t\t<img loading=\"lazy\" decoding=\"async\" width=\"1920\" height=\"810\" src=\"https:\/\/www.ftsafe.com\/payment\/wp-content\/uploads\/2022\/03\/F.jpg\" class=\"attachment-full size-full\" alt=\"\" srcset=\"https:\/\/www.ftsafe.com\/payment\/wp-content\/uploads\/2022\/03\/F.jpg 1920w, https:\/\/www.ftsafe.com\/payment\/wp-content\/uploads\/2022\/03\/F-300x127.jpg 300w, https:\/\/www.ftsafe.com\/payment\/wp-content\/uploads\/2022\/03\/F-1024x432.jpg 1024w, https:\/\/www.ftsafe.com\/payment\/wp-content\/uploads\/2022\/03\/F-768x324.jpg 768w, https:\/\/www.ftsafe.com\/payment\/wp-content\/uploads\/2022\/03\/F-1536x648.jpg 1536w, https:\/\/www.ftsafe.com\/payment\/wp-content\/uploads\/2022\/03\/F-24x10.jpg 24w, https:\/\/www.ftsafe.com\/payment\/wp-content\/uploads\/2022\/03\/F-36x15.jpg 36w, https:\/\/www.ftsafe.com\/payment\/wp-content\/uploads\/2022\/03\/F-48x20.jpg 48w\" sizes=\"(max-width: 1920px) 100vw, 1920px\" \/>\t\t\t\t\t\t\t\t\t\t\t<\/div>\n\t\t\t\t<\/div>\n\t\t\t\t<\/div>\n\t\t\t\t\t\t<\/div>\n\t\t\t\t\t<\/div>\n\t\t<\/div>\n\t\t\t\t\t\t\t\t<\/div>\n\t\t\t\t\t<\/div>\n\t\t<\/section>\n\t\t\t\t<section class=\"elementor-section elementor-top-section elementor-element elementor-element-7029d89 elementor-section-boxed elementor-section-height-default elementor-section-height-default\" data-id=\"7029d89\" data-element_type=\"section\" data-settings=\"{&quot;background_background&quot;:&quot;classic&quot;}\">\n\t\t\t\t\t\t<div class=\"elementor-container elementor-column-gap-default\">\n\t\t\t\t\t\t\t<div class=\"elementor-row\">\n\t\t\t\t\t<div class=\"elementor-column elementor-col-50 elementor-top-column elementor-element elementor-element-e7c5d6d animated-slow elementor-invisible\" data-id=\"e7c5d6d\" data-element_type=\"column\" data-settings=\"{&quot;background_background&quot;:&quot;classic&quot;,&quot;animation&quot;:&quot;fadeInLeft&quot;,&quot;animation_delay&quot;:100}\">\n\t\t\t<div class=\"elementor-column-wrap elementor-element-populated\">\n\t\t\t\t\t\t\t<div class=\"elementor-widget-wrap\">\n\t\t\t\t\t\t<div class=\"elementor-element elementor-element-624d891 elementor-position-top elementor-vertical-align-top elementor-widget elementor-widget-image-box\" data-id=\"624d891\" data-element_type=\"widget\" data-widget_type=\"image-box.default\">\n\t\t\t\t<div class=\"elementor-widget-container\">\n\t\t\t<div class=\"elementor-image-box-wrapper\"><figure class=\"elementor-image-box-img\"><img loading=\"lazy\" decoding=\"async\" width=\"753\" height=\"463\" src=\"https:\/\/www.ftsafe.com\/payment\/wp-content\/uploads\/2021\/05\/img01-1.png\" class=\"attachment-full size-full\" alt=\"\" srcset=\"https:\/\/www.ftsafe.com\/payment\/wp-content\/uploads\/2021\/05\/img01-1.png 753w, https:\/\/www.ftsafe.com\/payment\/wp-content\/uploads\/2021\/05\/img01-1-300x184.png 300w, https:\/\/www.ftsafe.com\/payment\/wp-content\/uploads\/2021\/05\/img01-1-24x15.png 24w, https:\/\/www.ftsafe.com\/payment\/wp-content\/uploads\/2021\/05\/img01-1-36x22.png 36w, https:\/\/www.ftsafe.com\/payment\/wp-content\/uploads\/2021\/05\/img01-1-48x30.png 48w\" sizes=\"(max-width: 753px) 100vw, 753px\" \/><\/figure><div class=\"elementor-image-box-content\"><h3 class=\"elementor-image-box-title\"> Kiosques autour de la table<\/h3><p class=\"elementor-image-box-description\">R\u00e9alisez les commandes et l'acceptation des paiements autour de la table et r\u00e9duisez les files d'attente<\/p><\/div><\/div>\t\t<\/div>\n\t\t\t\t<\/div>\n\t\t\t\t\t\t<\/div>\n\t\t\t\t\t<\/div>\n\t\t<\/div>\n\t\t\t\t<div class=\"elementor-column elementor-col-50 elementor-top-column elementor-element elementor-element-fd5c785 animated-slow elementor-invisible\" data-id=\"fd5c785\" data-element_type=\"column\" data-settings=\"{&quot;background_background&quot;:&quot;classic&quot;,&quot;animation&quot;:&quot;fadeInRight&quot;,&quot;animation_delay&quot;:100}\">\n\t\t\t<div class=\"elementor-column-wrap elementor-element-populated\">\n\t\t\t\t\t\t\t<div class=\"elementor-widget-wrap\">\n\t\t\t\t\t\t<div class=\"elementor-element elementor-element-f2c865c elementor-position-top elementor-vertical-align-top elementor-widget elementor-widget-image-box\" data-id=\"f2c865c\" data-element_type=\"widget\" data-widget_type=\"image-box.default\">\n\t\t\t\t<div class=\"elementor-widget-container\">\n\t\t\t<div class=\"elementor-image-box-wrapper\"><figure class=\"elementor-image-box-img\"><img loading=\"lazy\" decoding=\"async\" width=\"753\" height=\"463\" src=\"https:\/\/www.ftsafe.com\/payment\/wp-content\/uploads\/2021\/06\/img02-5.png\" class=\"attachment-full size-full\" alt=\"\" srcset=\"https:\/\/www.ftsafe.com\/payment\/wp-content\/uploads\/2021\/06\/img02-5.png 753w, https:\/\/www.ftsafe.com\/payment\/wp-content\/uploads\/2021\/06\/img02-5-300x184.png 300w, https:\/\/www.ftsafe.com\/payment\/wp-content\/uploads\/2021\/06\/img02-5-24x15.png 24w, https:\/\/www.ftsafe.com\/payment\/wp-content\/uploads\/2021\/06\/img02-5-36x22.png 36w, https:\/\/www.ftsafe.com\/payment\/wp-content\/uploads\/2021\/06\/img02-5-48x30.png 48w\" sizes=\"(max-width: 753px) 100vw, 753px\" \/><\/figure><div class=\"elementor-image-box-content\"><h3 class=\"elementor-image-box-title\">Recevoir des commandes \u00e0 emporter ou \u00e0 livrer<\/h3><p class=\"elementor-image-box-description\">Avec les terminaux FEITIAN, vous pouvez recevoir des commandes \u00e0 emporter ou \u00e0 livrer \u00e0 partir d'applications avec diffusion vocale <\/p><\/div><\/div>\t\t<\/div>\n\t\t\t\t<\/div>\n\t\t\t\t\t\t<\/div>\n\t\t\t\t\t<\/div>\n\t\t<\/div>\n\t\t\t\t\t\t\t\t<\/div>\n\t\t\t\t\t<\/div>\n\t\t<\/section>\n\t\t\t\t<section class=\"elementor-section elementor-top-section elementor-element elementor-element-9d4bb46 elementor-section-boxed elementor-section-height-default elementor-section-height-default\" data-id=\"9d4bb46\" data-element_type=\"section\" data-settings=\"{&quot;background_background&quot;:&quot;classic&quot;}\">\n\t\t\t\t\t\t<div class=\"elementor-container elementor-column-gap-default\">\n\t\t\t\t\t\t\t<div class=\"elementor-row\">\n\t\t\t\t\t<div class=\"elementor-column elementor-col-50 elementor-top-column elementor-element elementor-element-14c6511 animated-slow elementor-invisible\" data-id=\"14c6511\" data-element_type=\"column\" data-settings=\"{&quot;animation&quot;:&quot;fadeInLeft&quot;,&quot;animation_delay&quot;:100,&quot;background_background&quot;:&quot;classic&quot;}\">\n\t\t\t<div class=\"elementor-column-wrap elementor-element-populated\">\n\t\t\t\t\t\t\t<div class=\"elementor-widget-wrap\">\n\t\t\t\t\t\t<div class=\"elementor-element elementor-element-2e94f1d elementor-vertical-align-middle elementor-position-top elementor-widget elementor-widget-image-box\" data-id=\"2e94f1d\" data-element_type=\"widget\" data-widget_type=\"image-box.default\">\n\t\t\t\t<div class=\"elementor-widget-container\">\n\t\t\t<div class=\"elementor-image-box-wrapper\"><figure class=\"elementor-image-box-img\"><img loading=\"lazy\" decoding=\"async\" width=\"753\" height=\"463\" src=\"https:\/\/www.ftsafe.com\/payment\/wp-content\/uploads\/2021\/05\/img03-1.png\" class=\"attachment-full size-full\" alt=\"\" srcset=\"https:\/\/www.ftsafe.com\/payment\/wp-content\/uploads\/2021\/05\/img03-1.png 753w, https:\/\/www.ftsafe.com\/payment\/wp-content\/uploads\/2021\/05\/img03-1-300x184.png 300w, https:\/\/www.ftsafe.com\/payment\/wp-content\/uploads\/2021\/05\/img03-1-24x15.png 24w, https:\/\/www.ftsafe.com\/payment\/wp-content\/uploads\/2021\/05\/img03-1-36x22.png 36w, https:\/\/www.ftsafe.com\/payment\/wp-content\/uploads\/2021\/05\/img03-1-48x30.png 48w\" sizes=\"(max-width: 753px) 100vw, 753px\" \/><\/figure><div class=\"elementor-image-box-content\"><h3 class=\"elementor-image-box-title\">Coupon de r\u00e9duction<\/h3><p class=\"elementor-image-box-description\">\u00c9mettre un coupon de r\u00e9duction avec les terminaux FEITIAN pour promouvoir les ventes et attirer plus de clients <\/p><\/div><\/div>\t\t<\/div>\n\t\t\t\t<\/div>\n\t\t\t\t\t\t<\/div>\n\t\t\t\t\t<\/div>\n\t\t<\/div>\n\t\t\t\t<div class=\"elementor-column elementor-col-50 elementor-top-column elementor-element elementor-element-37683b7 animated-slow elementor-invisible\" data-id=\"37683b7\" data-element_type=\"column\" data-settings=\"{&quot;animation&quot;:&quot;fadeInRight&quot;,&quot;animation_delay&quot;:100,&quot;background_background&quot;:&quot;classic&quot;}\">\n\t\t\t<div class=\"elementor-column-wrap elementor-element-populated\">\n\t\t\t\t\t\t\t<div class=\"elementor-widget-wrap\">\n\t\t\t\t\t\t<div class=\"elementor-element elementor-element-0156eab elementor-position-top elementor-vertical-align-top elementor-widget elementor-widget-image-box\" data-id=\"0156eab\" data-element_type=\"widget\" data-widget_type=\"image-box.default\">\n\t\t\t\t<div class=\"elementor-widget-container\">\n\t\t\t<div class=\"elementor-image-box-wrapper\"><figure class=\"elementor-image-box-img\"><img loading=\"lazy\" decoding=\"async\" width=\"753\" height=\"463\" src=\"https:\/\/www.ftsafe.com\/payment\/wp-content\/uploads\/2021\/05\/img04-1.png\" class=\"attachment-full size-full\" alt=\"\" srcset=\"https:\/\/www.ftsafe.com\/payment\/wp-content\/uploads\/2021\/05\/img04-1.png 753w, https:\/\/www.ftsafe.com\/payment\/wp-content\/uploads\/2021\/05\/img04-1-300x184.png 300w, https:\/\/www.ftsafe.com\/payment\/wp-content\/uploads\/2021\/05\/img04-1-24x15.png 24w, https:\/\/www.ftsafe.com\/payment\/wp-content\/uploads\/2021\/05\/img04-1-36x22.png 36w, https:\/\/www.ftsafe.com\/payment\/wp-content\/uploads\/2021\/05\/img04-1-48x30.png 48w\" sizes=\"(max-width: 753px) 100vw, 753px\" \/><\/figure><div class=\"elementor-image-box-content\"><h3 class=\"elementor-image-box-title\">Membership Management<\/h3><p class=\"elementor-image-box-description\">Support accumulation de points d'adh\u00e9sion, \u00e9mission de cartes physiques et virtuelles<\/p><\/div><\/div>\t\t<\/div>\n\t\t\t\t<\/div>\n\t\t\t\t\t\t<\/div>\n\t\t\t\t\t<\/div>\n\t\t<\/div>\n\t\t\t\t\t\t\t\t<\/div>\n\t\t\t\t\t<\/div>\n\t\t<\/section>\n\t\t\t\t<section class=\"elementor-section elementor-top-section elementor-element elementor-element-a7cbe0a elementor-section-boxed elementor-section-height-default elementor-section-height-default\" data-id=\"a7cbe0a\" data-element_type=\"section\" data-settings=\"{&quot;background_background&quot;:&quot;classic&quot;}\">\n\t\t\t\t\t\t<div class=\"elementor-container elementor-column-gap-default\">\n\t\t\t\t\t\t\t<div class=\"elementor-row\">\n\t\t\t\t\t<div class=\"elementor-column elementor-col-50 elementor-top-column elementor-element elementor-element-7a403b3 animated-slow elementor-invisible\" data-id=\"7a403b3\" data-element_type=\"column\" data-settings=\"{&quot;animation&quot;:&quot;fadeInLeft&quot;,&quot;animation_delay&quot;:100,&quot;background_background&quot;:&quot;classic&quot;}\">\n\t\t\t<div class=\"elementor-column-wrap elementor-element-populated\">\n\t\t\t\t\t\t\t<div class=\"elementor-widget-wrap\">\n\t\t\t\t\t\t<div class=\"elementor-element elementor-element-203fe04 elementor-position-top elementor-vertical-align-top elementor-widget elementor-widget-image-box\" data-id=\"203fe04\" data-element_type=\"widget\" data-widget_type=\"image-box.default\">\n\t\t\t\t<div class=\"elementor-widget-container\">\n\t\t\t<div class=\"elementor-image-box-wrapper\"><figure class=\"elementor-image-box-img\"><img loading=\"lazy\" decoding=\"async\" width=\"753\" height=\"463\" src=\"https:\/\/www.ftsafe.com\/payment\/wp-content\/uploads\/2021\/06\/img05-3.png\" class=\"attachment-full size-full\" alt=\"\" srcset=\"https:\/\/www.ftsafe.com\/payment\/wp-content\/uploads\/2021\/06\/img05-3.png 753w, https:\/\/www.ftsafe.com\/payment\/wp-content\/uploads\/2021\/06\/img05-3-300x184.png 300w, https:\/\/www.ftsafe.com\/payment\/wp-content\/uploads\/2021\/06\/img05-3-24x15.png 24w, https:\/\/www.ftsafe.com\/payment\/wp-content\/uploads\/2021\/06\/img05-3-36x22.png 36w, https:\/\/www.ftsafe.com\/payment\/wp-content\/uploads\/2021\/06\/img05-3-48x30.png 48w\" sizes=\"(max-width: 753px) 100vw, 753px\" \/><\/figure><div class=\"elementor-image-box-content\"><h3 class=\"elementor-image-box-title\">Paiement omnicanal<\/h3><p class=\"elementor-image-box-description\">Qu'il s'agisse d'esp\u00e8ces, de carte bancaire, de code QR A54 ou de portefeuilles num\u00e9riques comme Alipay et Wechat, vous pouvez simplement tout accepter avec un seul appareil<\/p><\/div><\/div>\t\t<\/div>\n\t\t\t\t<\/div>\n\t\t\t\t\t\t<\/div>\n\t\t\t\t\t<\/div>\n\t\t<\/div>\n\t\t\t\t<div class=\"elementor-column elementor-col-50 elementor-top-column elementor-element elementor-element-dd1be00 animated-slow elementor-invisible\" data-id=\"dd1be00\" data-element_type=\"column\" data-settings=\"{&quot;animation&quot;:&quot;fadeInRight&quot;,&quot;animation_delay&quot;:100,&quot;background_background&quot;:&quot;classic&quot;}\">\n\t\t\t<div class=\"elementor-column-wrap elementor-element-populated\">\n\t\t\t\t\t\t\t<div class=\"elementor-widget-wrap\">\n\t\t\t\t\t\t<div class=\"elementor-element elementor-element-c329427 elementor-position-top elementor-vertical-align-top elementor-widget elementor-widget-image-box\" data-id=\"c329427\" data-element_type=\"widget\" data-widget_type=\"image-box.default\">\n\t\t\t\t<div class=\"elementor-widget-container\">\n\t\t\t<div class=\"elementor-image-box-wrapper\"><figure class=\"elementor-image-box-img\"><img loading=\"lazy\" decoding=\"async\" width=\"753\" height=\"463\" src=\"https:\/\/www.ftsafe.com\/payment\/wp-content\/uploads\/2021\/06\/img06-3.png\" class=\"attachment-full size-full\" alt=\"\" srcset=\"https:\/\/www.ftsafe.com\/payment\/wp-content\/uploads\/2021\/06\/img06-3.png 753w, https:\/\/www.ftsafe.com\/payment\/wp-content\/uploads\/2021\/06\/img06-3-300x184.png 300w, https:\/\/www.ftsafe.com\/payment\/wp-content\/uploads\/2021\/06\/img06-3-24x15.png 24w, https:\/\/www.ftsafe.com\/payment\/wp-content\/uploads\/2021\/06\/img06-3-36x22.png 36w, https:\/\/www.ftsafe.com\/payment\/wp-content\/uploads\/2021\/06\/img06-3-48x30.png 48w\" sizes=\"(max-width: 753px) 100vw, 753px\" \/><\/figure><div class=\"elementor-image-box-content\"><h3 class=\"elementor-image-box-title\">Contacter pour savoir plus<\/h3><p class=\"elementor-image-box-description\">Rapport d'activit\u00e9 de gestion, gestion des fournisseurs, impression de re\u00e7us et bien d'autres  Contact pour en savoir plus<\/p><\/div><\/div>\t\t<\/div>\n\t\t\t\t<\/div>\n\t\t\t\t\t\t<\/div>\n\t\t\t\t\t<\/div>\n\t\t<\/div>\n\t\t\t\t\t\t\t\t<\/div>\n\t\t\t\t\t<\/div>\n\t\t<\/section>\n\t\t\t\t\t\t<\/div>\n\t\t\t\t\t\t<\/div>\n\t\t\t\t\t<\/div>\n\t\t","protected":false},"excerpt":{"rendered":"<p>Kiosques autour de la table R\u00e9alisez les commandes et l&#8217;acceptation des paiements autour de la table et r\u00e9duisez les files d&#8217;attente Recevoir des commandes \u00e0 emporter ou \u00e0 livrer Avec les terminaux FEITIAN, vous pouvez recevoir des commandes \u00e0 emporter ou \u00e0 livrer \u00e0 partir d&#8217;applications avec diffusion vocale Coupon de r\u00e9duction \u00c9mettre un coupon [&hellip;]<\/p>\n","protected":false},"author":1,"featured_media":0,"parent":0,"menu_order":0,"comment_status":"closed","ping_status":"closed","template":"elementor_header_footer","meta":{"footnotes":""},"_links":{"self":[{"href":"https:\/\/www.ftsafe.com\/payment\/wp-json\/wp\/v2\/pages\/15363"}],"collection":[{"href":"https:\/\/www.ftsafe.com\/payment\/wp-json\/wp\/v2\/pages"}],"about":[{"href":"https:\/\/www.ftsafe.com\/payment\/wp-json\/wp\/v2\/types\/page"}],"author":[{"embeddable":true,"href":"https:\/\/www.ftsafe.com\/payment\/wp-json\/wp\/v2\/users\/1"}],"replies":[{"embeddable":true,"href":"https:\/\/www.ftsafe.com\/payment\/wp-json\/wp\/v2\/comments?post=15363"}],"version-history":[{"count":7,"href":"https:\/\/www.ftsafe.com\/payment\/wp-json\/wp\/v2\/pages\/15363\/revisions"}],"predecessor-version":[{"id":15587,"href":"https:\/\/www.ftsafe.com\/payment\/wp-json\/wp\/v2\/pages\/15363\/revisions\/15587"}],"wp:attachment":[{"href":"https:\/\/www.ftsafe.com\/payment\/wp-json\/wp\/v2\/media?parent=15363"}],"curies":[{"name":"wp","href":"https:\/\/api.w.org\/{rel}","templated":true}]}}