{"id":15347,"date":"2022-03-14T14:13:01","date_gmt":"2022-03-14T06:13:01","guid":{"rendered":"https:\/\/www.ftsafe.com\/payment\/?page_id=15347"},"modified":"2022-03-16T09:36:01","modified_gmt":"2022-03-16T01:36:01","slug":"distributor-and-reseller-5","status":"publish","type":"page","link":"https:\/\/www.ftsafe.com\/payment\/fr\/distributor-and-reseller-5\/","title":{"rendered":"Distributor and Reseller"},"content":{"rendered":"\t\t<div data-elementor-type=\"wp-page\" data-elementor-id=\"15347\" class=\"elementor elementor-15347\" data-elementor-settings=\"[]\">\n\t\t\t\t\t\t<div class=\"elementor-inner\">\n\t\t\t\t\t\t\t<div class=\"elementor-section-wrap\">\n\t\t\t\t\t\t\t<section class=\"elementor-section elementor-top-section elementor-element elementor-element-01fb208 elementor-section-full_width elementor-section-height-default elementor-section-height-default\" data-id=\"01fb208\" data-element_type=\"section\">\n\t\t\t\t\t\t<div class=\"elementor-container elementor-column-gap-default\">\n\t\t\t\t\t\t\t<div class=\"elementor-row\">\n\t\t\t\t\t<div class=\"elementor-column elementor-col-100 elementor-top-column elementor-element elementor-element-9b55ea3\" data-id=\"9b55ea3\" data-element_type=\"column\">\n\t\t\t<div class=\"elementor-column-wrap elementor-element-populated\">\n\t\t\t\t\t\t\t<div class=\"elementor-widget-wrap\">\n\t\t\t\t\t\t<div class=\"elementor-element elementor-element-c9ff136 elementor-widget elementor-widget-image\" data-id=\"c9ff136\" data-element_type=\"widget\" data-widget_type=\"image.default\">\n\t\t\t\t<div class=\"elementor-widget-container\">\n\t\t\t\t\t<div class=\"elementor-image\">\n\t\t\t\t\t\t\t\t\t\t<img loading=\"lazy\" decoding=\"async\" width=\"1920\" height=\"810\" src=\"https:\/\/www.ftsafe.com\/payment\/wp-content\/uploads\/2022\/03\/\u9996banner810-French.jpg\" class=\"attachment-full size-full\" alt=\"\" srcset=\"https:\/\/www.ftsafe.com\/payment\/wp-content\/uploads\/2022\/03\/\u9996banner810-French.jpg 1920w, https:\/\/www.ftsafe.com\/payment\/wp-content\/uploads\/2022\/03\/\u9996banner810-French-300x127.jpg 300w, https:\/\/www.ftsafe.com\/payment\/wp-content\/uploads\/2022\/03\/\u9996banner810-French-1024x432.jpg 1024w, https:\/\/www.ftsafe.com\/payment\/wp-content\/uploads\/2022\/03\/\u9996banner810-French-768x324.jpg 768w, https:\/\/www.ftsafe.com\/payment\/wp-content\/uploads\/2022\/03\/\u9996banner810-French-1536x648.jpg 1536w, https:\/\/www.ftsafe.com\/payment\/wp-content\/uploads\/2022\/03\/\u9996banner810-French-24x10.jpg 24w, https:\/\/www.ftsafe.com\/payment\/wp-content\/uploads\/2022\/03\/\u9996banner810-French-36x15.jpg 36w, https:\/\/www.ftsafe.com\/payment\/wp-content\/uploads\/2022\/03\/\u9996banner810-French-48x20.jpg 48w\" sizes=\"(max-width: 1920px) 100vw, 1920px\" \/>\t\t\t\t\t\t\t\t\t\t\t<\/div>\n\t\t\t\t<\/div>\n\t\t\t\t<\/div>\n\t\t\t\t\t\t<\/div>\n\t\t\t\t\t<\/div>\n\t\t<\/div>\n\t\t\t\t\t\t\t\t<\/div>\n\t\t\t\t\t<\/div>\n\t\t<\/section>\n\t\t\t\t<section class=\"elementor-section elementor-top-section elementor-element elementor-element-a42863a elementor-section-boxed elementor-section-height-default elementor-section-height-default\" data-id=\"a42863a\" data-element_type=\"section\" data-settings=\"{&quot;background_background&quot;:&quot;classic&quot;}\">\n\t\t\t\t\t\t<div class=\"elementor-container elementor-column-gap-default\">\n\t\t\t\t\t\t\t<div class=\"elementor-row\">\n\t\t\t\t\t<div class=\"elementor-column elementor-col-100 elementor-top-column elementor-element elementor-element-9305965\" data-id=\"9305965\" data-element_type=\"column\">\n\t\t\t<div class=\"elementor-column-wrap elementor-element-populated\">\n\t\t\t\t\t\t\t<div class=\"elementor-widget-wrap\">\n\t\t\t\t\t\t<div class=\"elementor-element elementor-element-3030955 animated-slow elementor-invisible elementor-widget elementor-widget-html\" data-id=\"3030955\" data-element_type=\"widget\" data-settings=\"{&quot;_animation&quot;:&quot;swing&quot;,&quot;_animation_delay&quot;:100}\" data-widget_type=\"html.default\">\n\t\t\t\t<div class=\"elementor-widget-container\">\n\t\t\t<div style=\"margin:0 auto;text-align:center;\">\n    <div style=\"height: 60px;\nwidth: 270px;\nbackground: #2Eb720;\nmargin: 0 auto;\"><\/div>\n    <h2 style=\"margin-top: -30px;\nmargin-left: -135px;font-style: italic;\">Pourquoi FEITIAN?<\/h2>\n    \n<\/div>\t\t<\/div>\n\t\t\t\t<\/div>\n\t\t\t\t\t\t<\/div>\n\t\t\t\t\t<\/div>\n\t\t<\/div>\n\t\t\t\t\t\t\t\t<\/div>\n\t\t\t\t\t<\/div>\n\t\t<\/section>\n\t\t\t\t<section class=\"elementor-section elementor-top-section elementor-element elementor-element-05cd9bc elementor-section-content-middle elementor-section-boxed elementor-section-height-default elementor-section-height-default\" data-id=\"05cd9bc\" data-element_type=\"section\" data-settings=\"{&quot;background_background&quot;:&quot;classic&quot;}\">\n\t\t\t\t\t\t<div class=\"elementor-container elementor-column-gap-default\">\n\t\t\t\t\t\t\t<div class=\"elementor-row\">\n\t\t\t\t\t<div class=\"elementor-column elementor-col-50 elementor-top-column elementor-element elementor-element-4cbf7e0\" data-id=\"4cbf7e0\" data-element_type=\"column\">\n\t\t\t<div class=\"elementor-column-wrap elementor-element-populated\">\n\t\t\t\t\t\t\t<div class=\"elementor-widget-wrap\">\n\t\t\t\t\t\t<div class=\"elementor-element elementor-element-3f42e26 animated-slow elementor-invisible elementor-widget elementor-widget-image\" data-id=\"3f42e26\" data-element_type=\"widget\" data-settings=\"{&quot;_animation&quot;:&quot;fadeInLeft&quot;}\" data-widget_type=\"image.default\">\n\t\t\t\t<div class=\"elementor-widget-container\">\n\t\t\t\t\t<div class=\"elementor-image\">\n\t\t\t\t\t\t\t\t\t\t<img loading=\"lazy\" decoding=\"async\" width=\"1175\" height=\"614\" src=\"https:\/\/www.ftsafe.com\/payment\/wp-content\/uploads\/2021\/05\/img01-2.png\" class=\"attachment-full size-full\" alt=\"\" srcset=\"https:\/\/www.ftsafe.com\/payment\/wp-content\/uploads\/2021\/05\/img01-2.png 1175w, https:\/\/www.ftsafe.com\/payment\/wp-content\/uploads\/2021\/05\/img01-2-300x157.png 300w, https:\/\/www.ftsafe.com\/payment\/wp-content\/uploads\/2021\/05\/img01-2-1024x535.png 1024w, https:\/\/www.ftsafe.com\/payment\/wp-content\/uploads\/2021\/05\/img01-2-768x401.png 768w, https:\/\/www.ftsafe.com\/payment\/wp-content\/uploads\/2021\/05\/img01-2-24x13.png 24w, https:\/\/www.ftsafe.com\/payment\/wp-content\/uploads\/2021\/05\/img01-2-36x19.png 36w, https:\/\/www.ftsafe.com\/payment\/wp-content\/uploads\/2021\/05\/img01-2-48x25.png 48w\" sizes=\"(max-width: 1175px) 100vw, 1175px\" \/>\t\t\t\t\t\t\t\t\t\t\t<\/div>\n\t\t\t\t<\/div>\n\t\t\t\t<\/div>\n\t\t\t\t\t\t<\/div>\n\t\t\t\t\t<\/div>\n\t\t<\/div>\n\t\t\t\t<div class=\"elementor-column elementor-col-50 elementor-top-column elementor-element elementor-element-4628a81\" data-id=\"4628a81\" data-element_type=\"column\">\n\t\t\t<div class=\"elementor-column-wrap elementor-element-populated\">\n\t\t\t\t\t\t\t<div class=\"elementor-widget-wrap\">\n\t\t\t\t\t\t<div class=\"elementor-element elementor-element-a00f7f0 elementor-vertical-align-middle animated-slow elementor-position-top elementor-invisible elementor-widget elementor-widget-image-box\" data-id=\"a00f7f0\" data-element_type=\"widget\" data-settings=\"{&quot;_animation&quot;:&quot;fadeInRight&quot;}\" data-widget_type=\"image-box.default\">\n\t\t\t\t<div class=\"elementor-widget-container\">\n\t\t\t<div class=\"elementor-image-box-wrapper\"><figure class=\"elementor-image-box-img\"><img loading=\"lazy\" decoding=\"async\" width=\"161\" height=\"161\" src=\"https:\/\/www.ftsafe.com\/payment\/wp-content\/uploads\/2021\/05\/icon01.png\" class=\"attachment-full size-full\" alt=\"\" srcset=\"https:\/\/www.ftsafe.com\/payment\/wp-content\/uploads\/2021\/05\/icon01.png 161w, https:\/\/www.ftsafe.com\/payment\/wp-content\/uploads\/2021\/05\/icon01-150x150.png 150w, https:\/\/www.ftsafe.com\/payment\/wp-content\/uploads\/2021\/05\/icon01-24x24.png 24w, https:\/\/www.ftsafe.com\/payment\/wp-content\/uploads\/2021\/05\/icon01-36x36.png 36w, https:\/\/www.ftsafe.com\/payment\/wp-content\/uploads\/2021\/05\/icon01-48x48.png 48w\" sizes=\"(max-width: 161px) 100vw, 161px\" \/><\/figure><div class=\"elementor-image-box-content\"><h3 class=\"elementor-image-box-title\">Protection des canaux<\/h3><p class=\"elementor-image-box-description\">Avec les r\u00e8gles de canal justes et claires de FEITIAN, nous prot\u00e9geons les b\u00e9n\u00e9fices et les droits de chaque partenaire de mani\u00e8re \u00e9gale<\/p><\/div><\/div>\t\t<\/div>\n\t\t\t\t<\/div>\n\t\t\t\t\t\t<\/div>\n\t\t\t\t\t<\/div>\n\t\t<\/div>\n\t\t\t\t\t\t\t\t<\/div>\n\t\t\t\t\t<\/div>\n\t\t<\/section>\n\t\t\t\t<section class=\"elementor-section elementor-top-section elementor-element elementor-element-03d8829 elementor-section-content-middle elementor-section-boxed elementor-section-height-default elementor-section-height-default\" data-id=\"03d8829\" data-element_type=\"section\" data-settings=\"{&quot;background_background&quot;:&quot;classic&quot;}\">\n\t\t\t\t\t\t<div class=\"elementor-container elementor-column-gap-default\">\n\t\t\t\t\t\t\t<div class=\"elementor-row\">\n\t\t\t\t\t<div class=\"elementor-column elementor-col-50 elementor-top-column elementor-element elementor-element-2a25593\" data-id=\"2a25593\" data-element_type=\"column\" data-settings=\"{&quot;background_background&quot;:&quot;classic&quot;}\">\n\t\t\t<div class=\"elementor-column-wrap elementor-element-populated\">\n\t\t\t\t\t\t\t<div class=\"elementor-widget-wrap\">\n\t\t\t\t\t\t<div class=\"elementor-element elementor-element-84d5914 elementor-vertical-align-middle animated-slow elementor-position-top elementor-invisible elementor-widget elementor-widget-image-box\" data-id=\"84d5914\" data-element_type=\"widget\" data-settings=\"{&quot;_animation&quot;:&quot;fadeInLeft&quot;}\" data-widget_type=\"image-box.default\">\n\t\t\t\t<div class=\"elementor-widget-container\">\n\t\t\t<div class=\"elementor-image-box-wrapper\"><figure class=\"elementor-image-box-img\"><img loading=\"lazy\" decoding=\"async\" width=\"161\" height=\"161\" src=\"https:\/\/www.ftsafe.com\/payment\/wp-content\/uploads\/2021\/05\/icon02.png\" class=\"attachment-full size-full\" alt=\"\" srcset=\"https:\/\/www.ftsafe.com\/payment\/wp-content\/uploads\/2021\/05\/icon02.png 161w, https:\/\/www.ftsafe.com\/payment\/wp-content\/uploads\/2021\/05\/icon02-150x150.png 150w, https:\/\/www.ftsafe.com\/payment\/wp-content\/uploads\/2021\/05\/icon02-24x24.png 24w, https:\/\/www.ftsafe.com\/payment\/wp-content\/uploads\/2021\/05\/icon02-36x36.png 36w, https:\/\/www.ftsafe.com\/payment\/wp-content\/uploads\/2021\/05\/icon02-48x48.png 48w\" sizes=\"(max-width: 161px) 100vw, 161px\" \/><\/figure><div class=\"elementor-image-box-content\"><h3 class=\"elementor-image-box-title\">Support 100% d\u00e9di\u00e9<\/h3><p class=\"elementor-image-box-description\">L'\u00e9quipe technique de FEITIAN se consacre \u00e0 aider nos partenaires \u00e0 r\u00e9ussir en fournissant un support technique, des solutions sur mesure et des programmes de formation aux produits<\/p><\/div><\/div>\t\t<\/div>\n\t\t\t\t<\/div>\n\t\t\t\t\t\t<\/div>\n\t\t\t\t\t<\/div>\n\t\t<\/div>\n\t\t\t\t<div class=\"elementor-column elementor-col-50 elementor-top-column elementor-element elementor-element-13fd6c7 animated-slow elementor-invisible\" data-id=\"13fd6c7\" data-element_type=\"column\" data-settings=\"{&quot;background_background&quot;:&quot;classic&quot;,&quot;animation&quot;:&quot;fadeInRight&quot;}\">\n\t\t\t<div class=\"elementor-column-wrap elementor-element-populated\">\n\t\t\t\t\t\t\t<div class=\"elementor-widget-wrap\">\n\t\t\t\t\t\t<div class=\"elementor-element elementor-element-23a4f75 elementor-widget elementor-widget-image\" data-id=\"23a4f75\" data-element_type=\"widget\" data-widget_type=\"image.default\">\n\t\t\t\t<div class=\"elementor-widget-container\">\n\t\t\t\t\t<div class=\"elementor-image\">\n\t\t\t\t\t\t\t\t\t\t<img loading=\"lazy\" decoding=\"async\" width=\"1176\" height=\"614\" src=\"https:\/\/www.ftsafe.com\/payment\/wp-content\/uploads\/2021\/05\/img02-2.png\" class=\"attachment-full size-full\" alt=\"\" srcset=\"https:\/\/www.ftsafe.com\/payment\/wp-content\/uploads\/2021\/05\/img02-2.png 1176w, https:\/\/www.ftsafe.com\/payment\/wp-content\/uploads\/2021\/05\/img02-2-300x157.png 300w, https:\/\/www.ftsafe.com\/payment\/wp-content\/uploads\/2021\/05\/img02-2-1024x535.png 1024w, https:\/\/www.ftsafe.com\/payment\/wp-content\/uploads\/2021\/05\/img02-2-768x401.png 768w, https:\/\/www.ftsafe.com\/payment\/wp-content\/uploads\/2021\/05\/img02-2-24x13.png 24w, https:\/\/www.ftsafe.com\/payment\/wp-content\/uploads\/2021\/05\/img02-2-36x19.png 36w, https:\/\/www.ftsafe.com\/payment\/wp-content\/uploads\/2021\/05\/img02-2-48x25.png 48w\" sizes=\"(max-width: 1176px) 100vw, 1176px\" \/>\t\t\t\t\t\t\t\t\t\t\t<\/div>\n\t\t\t\t<\/div>\n\t\t\t\t<\/div>\n\t\t\t\t\t\t<\/div>\n\t\t\t\t\t<\/div>\n\t\t<\/div>\n\t\t\t\t\t\t\t\t<\/div>\n\t\t\t\t\t<\/div>\n\t\t<\/section>\n\t\t\t\t<section class=\"elementor-section elementor-top-section elementor-element elementor-element-f6329f9 elementor-section-content-middle elementor-section-boxed elementor-section-height-default elementor-section-height-default\" data-id=\"f6329f9\" data-element_type=\"section\" data-settings=\"{&quot;background_background&quot;:&quot;classic&quot;}\">\n\t\t\t\t\t\t<div class=\"elementor-container elementor-column-gap-default\">\n\t\t\t\t\t\t\t<div class=\"elementor-row\">\n\t\t\t\t\t<div class=\"elementor-column elementor-col-50 elementor-top-column elementor-element elementor-element-7c1a345\" data-id=\"7c1a345\" data-element_type=\"column\" data-settings=\"{&quot;background_background&quot;:&quot;classic&quot;}\">\n\t\t\t<div class=\"elementor-column-wrap elementor-element-populated\">\n\t\t\t\t\t\t\t<div class=\"elementor-widget-wrap\">\n\t\t\t\t\t\t<div class=\"elementor-element elementor-element-d740ae3 animated-slow elementor-invisible elementor-widget elementor-widget-image\" data-id=\"d740ae3\" data-element_type=\"widget\" data-settings=\"{&quot;_animation&quot;:&quot;fadeInLeft&quot;}\" data-widget_type=\"image.default\">\n\t\t\t\t<div class=\"elementor-widget-container\">\n\t\t\t\t\t<div class=\"elementor-image\">\n\t\t\t\t\t\t\t\t\t\t<img loading=\"lazy\" decoding=\"async\" width=\"1170\" height=\"614\" src=\"https:\/\/www.ftsafe.com\/payment\/wp-content\/uploads\/2021\/05\/img03-2.png\" class=\"attachment-full size-full\" alt=\"\" srcset=\"https:\/\/www.ftsafe.com\/payment\/wp-content\/uploads\/2021\/05\/img03-2.png 1170w, https:\/\/www.ftsafe.com\/payment\/wp-content\/uploads\/2021\/05\/img03-2-300x157.png 300w, https:\/\/www.ftsafe.com\/payment\/wp-content\/uploads\/2021\/05\/img03-2-1024x537.png 1024w, https:\/\/www.ftsafe.com\/payment\/wp-content\/uploads\/2021\/05\/img03-2-768x403.png 768w, https:\/\/www.ftsafe.com\/payment\/wp-content\/uploads\/2021\/05\/img03-2-24x13.png 24w, https:\/\/www.ftsafe.com\/payment\/wp-content\/uploads\/2021\/05\/img03-2-36x19.png 36w, https:\/\/www.ftsafe.com\/payment\/wp-content\/uploads\/2021\/05\/img03-2-48x25.png 48w\" sizes=\"(max-width: 1170px) 100vw, 1170px\" \/>\t\t\t\t\t\t\t\t\t\t\t<\/div>\n\t\t\t\t<\/div>\n\t\t\t\t<\/div>\n\t\t\t\t\t\t<\/div>\n\t\t\t\t\t<\/div>\n\t\t<\/div>\n\t\t\t\t<div class=\"elementor-column elementor-col-50 elementor-top-column elementor-element elementor-element-b035387\" data-id=\"b035387\" data-element_type=\"column\" data-settings=\"{&quot;background_background&quot;:&quot;classic&quot;}\">\n\t\t\t<div class=\"elementor-column-wrap elementor-element-populated\">\n\t\t\t\t\t\t\t<div class=\"elementor-widget-wrap\">\n\t\t\t\t\t\t<div class=\"elementor-element elementor-element-4ef045d animated-slow elementor-position-top elementor-vertical-align-top elementor-invisible elementor-widget elementor-widget-image-box\" data-id=\"4ef045d\" data-element_type=\"widget\" data-settings=\"{&quot;_animation&quot;:&quot;fadeInRight&quot;}\" data-widget_type=\"image-box.default\">\n\t\t\t\t<div class=\"elementor-widget-container\">\n\t\t\t<div class=\"elementor-image-box-wrapper\"><figure class=\"elementor-image-box-img\"><img loading=\"lazy\" decoding=\"async\" width=\"161\" height=\"161\" src=\"https:\/\/www.ftsafe.com\/payment\/wp-content\/uploads\/2021\/05\/icon03.png\" class=\"attachment-full size-full\" alt=\"\" srcset=\"https:\/\/www.ftsafe.com\/payment\/wp-content\/uploads\/2021\/05\/icon03.png 161w, https:\/\/www.ftsafe.com\/payment\/wp-content\/uploads\/2021\/05\/icon03-150x150.png 150w, https:\/\/www.ftsafe.com\/payment\/wp-content\/uploads\/2021\/05\/icon03-24x24.png 24w, https:\/\/www.ftsafe.com\/payment\/wp-content\/uploads\/2021\/05\/icon03-36x36.png 36w, https:\/\/www.ftsafe.com\/payment\/wp-content\/uploads\/2021\/05\/icon03-48x48.png 48w\" sizes=\"(max-width: 161px) 100vw, 161px\" \/><\/figure><div class=\"elementor-image-box-content\"><h3 class=\"elementor-image-box-title\">Co-marketing<\/h3><p class=\"elementor-image-box-description\">Les partenaires de FEITIAN ont la possibilit\u00e9 de participer \u00e0 des \u00e9v\u00e9nements de l'industrie et \u00e0 une co-promotion sur les m\u00e9dias, et de d\u00e9velopper ensemble des strat\u00e9gies de marketing localis\u00e9es<\/p><\/div><\/div>\t\t<\/div>\n\t\t\t\t<\/div>\n\t\t\t\t\t\t<\/div>\n\t\t\t\t\t<\/div>\n\t\t<\/div>\n\t\t\t\t\t\t\t\t<\/div>\n\t\t\t\t\t<\/div>\n\t\t<\/section>\n\t\t\t\t<section class=\"elementor-section elementor-top-section elementor-element elementor-element-9063750 elementor-section-height-min-height elementor-section-boxed elementor-section-height-default elementor-section-items-middle\" data-id=\"9063750\" data-element_type=\"section\" data-settings=\"{&quot;background_background&quot;:&quot;classic&quot;}\">\n\t\t\t\t\t\t<div class=\"elementor-container elementor-column-gap-default\">\n\t\t\t\t\t\t\t<div class=\"elementor-row\">\n\t\t\t\t\t<div class=\"elementor-column elementor-col-100 elementor-top-column elementor-element elementor-element-c0849bd\" data-id=\"c0849bd\" data-element_type=\"column\">\n\t\t\t<div class=\"elementor-column-wrap elementor-element-populated\">\n\t\t\t\t\t\t\t<div class=\"elementor-widget-wrap\">\n\t\t\t\t\t\t<section class=\"elementor-section elementor-inner-section elementor-element elementor-element-bcbbdbd elementor-section-boxed elementor-section-height-default elementor-section-height-default\" data-id=\"bcbbdbd\" data-element_type=\"section\">\n\t\t\t\t\t\t<div class=\"elementor-container elementor-column-gap-default\">\n\t\t\t\t\t\t\t<div class=\"elementor-row\">\n\t\t\t\t\t<div class=\"elementor-column elementor-col-100 elementor-inner-column elementor-element elementor-element-0e2e184\" data-id=\"0e2e184\" data-element_type=\"column\">\n\t\t\t<div class=\"elementor-column-wrap elementor-element-populated\">\n\t\t\t\t\t\t\t<div class=\"elementor-widget-wrap\">\n\t\t\t\t\t\t<div class=\"elementor-element elementor-element-818f1e3 media-change-screen-font animated-slow elementor-invisible elementor-widget elementor-widget-heading\" data-id=\"818f1e3\" data-element_type=\"widget\" data-settings=\"{&quot;_animation&quot;:&quot;fadeInDown&quot;}\" data-widget_type=\"heading.default\">\n\t\t\t\t<div class=\"elementor-widget-container\">\n\t\t\t<h1 class=\"elementor-heading-title elementor-size-default\">Les certifications mondiales garantissent une norme de premi\u00e8re classe<\/h1>\t\t<\/div>\n\t\t\t\t<\/div>\n\t\t\t\t\t\t<\/div>\n\t\t\t\t\t<\/div>\n\t\t<\/div>\n\t\t\t\t\t\t\t\t<\/div>\n\t\t\t\t\t<\/div>\n\t\t<\/section>\n\t\t\t\t\t\t<\/div>\n\t\t\t\t\t<\/div>\n\t\t<\/div>\n\t\t\t\t\t\t\t\t<\/div>\n\t\t\t\t\t<\/div>\n\t\t<\/section>\n\t\t\t\t<section class=\"elementor-section elementor-top-section elementor-element elementor-element-10b2fa7 elementor-section-height-min-height elementor-section-boxed elementor-section-height-default elementor-section-items-middle\" data-id=\"10b2fa7\" data-element_type=\"section\" data-settings=\"{&quot;background_background&quot;:&quot;classic&quot;}\">\n\t\t\t\t\t\t<div class=\"elementor-container elementor-column-gap-default\">\n\t\t\t\t\t\t\t<div class=\"elementor-row\">\n\t\t\t\t\t<div class=\"elementor-column elementor-col-100 elementor-top-column elementor-element elementor-element-ca742c9\" data-id=\"ca742c9\" data-element_type=\"column\">\n\t\t\t<div class=\"elementor-column-wrap elementor-element-populated\">\n\t\t\t\t\t\t\t<div class=\"elementor-widget-wrap\">\n\t\t\t\t\t\t<section class=\"elementor-section elementor-inner-section elementor-element elementor-element-29fbb7e elementor-section-boxed elementor-section-height-default elementor-section-height-default\" data-id=\"29fbb7e\" data-element_type=\"section\">\n\t\t\t\t\t\t<div class=\"elementor-container elementor-column-gap-default\">\n\t\t\t\t\t\t\t<div class=\"elementor-row\">\n\t\t\t\t\t<div class=\"elementor-column elementor-col-100 elementor-inner-column elementor-element elementor-element-022cfdf\" data-id=\"022cfdf\" data-element_type=\"column\">\n\t\t\t<div class=\"elementor-column-wrap elementor-element-populated\">\n\t\t\t\t\t\t\t<div class=\"elementor-widget-wrap\">\n\t\t\t\t\t\t<div class=\"elementor-element elementor-element-e627c06 media-change-screen-font animated-slow elementor-invisible elementor-widget elementor-widget-heading\" data-id=\"e627c06\" data-element_type=\"widget\" data-settings=\"{&quot;_animation&quot;:&quot;fadeInDown&quot;}\" data-widget_type=\"heading.default\">\n\t\t\t\t<div class=\"elementor-widget-container\">\n\t\t\t<h1 class=\"elementor-heading-title elementor-size-default\">l'usine ind\u00e9pendante permet un contr\u00f4le de qualit\u00e9 total <\/h1>\t\t<\/div>\n\t\t\t\t<\/div>\n\t\t\t\t\t\t<\/div>\n\t\t\t\t\t<\/div>\n\t\t<\/div>\n\t\t\t\t\t\t\t\t<\/div>\n\t\t\t\t\t<\/div>\n\t\t<\/section>\n\t\t\t\t\t\t<\/div>\n\t\t\t\t\t<\/div>\n\t\t<\/div>\n\t\t\t\t\t\t\t\t<\/div>\n\t\t\t\t\t<\/div>\n\t\t<\/section>\n\t\t\t\t\t\t<\/div>\n\t\t\t\t\t\t<\/div>\n\t\t\t\t\t<\/div>\n\t\t","protected":false},"excerpt":{"rendered":"<p>Pourquoi FEITIAN? Protection des canaux Avec les r\u00e8gles de canal justes et claires de FEITIAN, nous prot\u00e9geons les b\u00e9n\u00e9fices et les droits de chaque partenaire de mani\u00e8re \u00e9gale Support 100% d\u00e9di\u00e9 L&#8217;\u00e9quipe technique de FEITIAN se consacre \u00e0 aider nos partenaires \u00e0 r\u00e9ussir en fournissant un support technique, des solutions sur mesure et des programmes [&hellip;]<\/p>\n","protected":false},"author":1,"featured_media":0,"parent":0,"menu_order":0,"comment_status":"closed","ping_status":"closed","template":"elementor_header_footer","meta":{"footnotes":""},"_links":{"self":[{"href":"https:\/\/www.ftsafe.com\/payment\/wp-json\/wp\/v2\/pages\/15347"}],"collection":[{"href":"https:\/\/www.ftsafe.com\/payment\/wp-json\/wp\/v2\/pages"}],"about":[{"href":"https:\/\/www.ftsafe.com\/payment\/wp-json\/wp\/v2\/types\/page"}],"author":[{"embeddable":true,"href":"https:\/\/www.ftsafe.com\/payment\/wp-json\/wp\/v2\/users\/1"}],"replies":[{"embeddable":true,"href":"https:\/\/www.ftsafe.com\/payment\/wp-json\/wp\/v2\/comments?post=15347"}],"version-history":[{"count":7,"href":"https:\/\/www.ftsafe.com\/payment\/wp-json\/wp\/v2\/pages\/15347\/revisions"}],"predecessor-version":[{"id":15626,"href":"https:\/\/www.ftsafe.com\/payment\/wp-json\/wp\/v2\/pages\/15347\/revisions\/15626"}],"wp:attachment":[{"href":"https:\/\/www.ftsafe.com\/payment\/wp-json\/wp\/v2\/media?parent=15347"}],"curies":[{"name":"wp","href":"https:\/\/api.w.org\/{rel}","templated":true}]}}