{"id":15298,"date":"2022-03-14T10:02:20","date_gmt":"2022-03-14T02:02:20","guid":{"rendered":"https:\/\/www.ftsafe.com\/payment\/?page_id=15298"},"modified":"2023-04-12T10:18:56","modified_gmt":"2023-04-12T02:18:56","slug":"payment-iot-bu-leadership-3","status":"publish","type":"page","link":"https:\/\/www.ftsafe.com\/payment\/es\/payment-iot-bu-leadership-3\/","title":{"rendered":"Payment &#038; IOT BU leadership"},"content":{"rendered":"\t\t<div data-elementor-type=\"wp-page\" data-elementor-id=\"15298\" class=\"elementor elementor-15298\" data-elementor-settings=\"[]\">\n\t\t\t\t\t\t<div class=\"elementor-inner\">\n\t\t\t\t\t\t\t<div class=\"elementor-section-wrap\">\n\t\t\t\t\t\t\t<section class=\"elementor-section elementor-top-section elementor-element elementor-element-a8893a4 elementor-section-full_width elementor-section-height-default elementor-section-height-default\" data-id=\"a8893a4\" data-element_type=\"section\">\n\t\t\t\t\t\t<div class=\"elementor-container elementor-column-gap-default\">\n\t\t\t\t\t\t\t<div class=\"elementor-row\">\n\t\t\t\t\t<div class=\"elementor-column elementor-col-100 elementor-top-column elementor-element elementor-element-0dcb987\" data-id=\"0dcb987\" data-element_type=\"column\">\n\t\t\t<div class=\"elementor-column-wrap elementor-element-populated\">\n\t\t\t\t\t\t\t<div class=\"elementor-widget-wrap\">\n\t\t\t\t\t\t<div class=\"elementor-element elementor-element-628e018 elementor-widget elementor-widget-image\" data-id=\"628e018\" data-element_type=\"widget\" data-widget_type=\"image.default\">\n\t\t\t\t<div class=\"elementor-widget-container\">\n\t\t\t\t\t<div class=\"elementor-image\">\n\t\t\t\t\t\t\t\t\t\t<img loading=\"lazy\" decoding=\"async\" width=\"1920\" height=\"810\" src=\"https:\/\/www.ftsafe.com\/payment\/wp-content\/uploads\/2022\/03\/Leadership-1.jpg\" class=\"attachment-full size-full\" alt=\"\" srcset=\"https:\/\/www.ftsafe.com\/payment\/wp-content\/uploads\/2022\/03\/Leadership-1.jpg 1920w, https:\/\/www.ftsafe.com\/payment\/wp-content\/uploads\/2022\/03\/Leadership-1-300x127.jpg 300w, https:\/\/www.ftsafe.com\/payment\/wp-content\/uploads\/2022\/03\/Leadership-1-1024x432.jpg 1024w, https:\/\/www.ftsafe.com\/payment\/wp-content\/uploads\/2022\/03\/Leadership-1-768x324.jpg 768w, https:\/\/www.ftsafe.com\/payment\/wp-content\/uploads\/2022\/03\/Leadership-1-1536x648.jpg 1536w, https:\/\/www.ftsafe.com\/payment\/wp-content\/uploads\/2022\/03\/Leadership-1-24x10.jpg 24w, https:\/\/www.ftsafe.com\/payment\/wp-content\/uploads\/2022\/03\/Leadership-1-36x15.jpg 36w, https:\/\/www.ftsafe.com\/payment\/wp-content\/uploads\/2022\/03\/Leadership-1-48x20.jpg 48w\" sizes=\"(max-width: 1920px) 100vw, 1920px\" \/>\t\t\t\t\t\t\t\t\t\t\t<\/div>\n\t\t\t\t<\/div>\n\t\t\t\t<\/div>\n\t\t\t\t\t\t<\/div>\n\t\t\t\t\t<\/div>\n\t\t<\/div>\n\t\t\t\t\t\t\t\t<\/div>\n\t\t\t\t\t<\/div>\n\t\t<\/section>\n\t\t\t\t<section class=\"elementor-section elementor-top-section elementor-element elementor-element-f52d82f iot-payment-business-unit elementor-section-boxed elementor-section-height-default elementor-section-height-default\" data-id=\"f52d82f\" data-element_type=\"section\">\n\t\t\t\t\t\t<div class=\"elementor-container elementor-column-gap-default\">\n\t\t\t\t\t\t\t<div class=\"elementor-row\">\n\t\t\t\t\t<div class=\"elementor-column elementor-col-50 elementor-top-column elementor-element elementor-element-9ff6f36 animated-slow elementor-invisible\" data-id=\"9ff6f36\" data-element_type=\"column\" data-settings=\"{&quot;animation_delay&quot;:100,&quot;animation&quot;:&quot;fadeInLeft&quot;}\">\n\t\t\t<div class=\"elementor-column-wrap elementor-element-populated\">\n\t\t\t\t\t\t\t<div class=\"elementor-widget-wrap\">\n\t\t\t\t\t\t<div class=\"elementor-element elementor-element-96d3544 elementor-widget elementor-widget-image\" data-id=\"96d3544\" data-element_type=\"widget\" data-widget_type=\"image.default\">\n\t\t\t\t<div class=\"elementor-widget-container\">\n\t\t\t\t\t<div class=\"elementor-image\">\n\t\t\t\t\t\t\t\t\t\t\t<a href=\"https:\/\/www.linkedin.com\/in\/yan-yan-518945116\/\">\n\t\t\t\t\t\t\t<img loading=\"lazy\" decoding=\"async\" width=\"551\" height=\"528\" src=\"https:\/\/www.ftsafe.com\/payment\/wp-content\/uploads\/2023\/03\/Yan-Yan-S.png\" class=\"attachment-full size-full\" alt=\"\" srcset=\"https:\/\/www.ftsafe.com\/payment\/wp-content\/uploads\/2023\/03\/Yan-Yan-S.png 551w, https:\/\/www.ftsafe.com\/payment\/wp-content\/uploads\/2023\/03\/Yan-Yan-S-300x287.png 300w, https:\/\/www.ftsafe.com\/payment\/wp-content\/uploads\/2023\/03\/Yan-Yan-S-24x24.png 24w, https:\/\/www.ftsafe.com\/payment\/wp-content\/uploads\/2023\/03\/Yan-Yan-S-36x34.png 36w, https:\/\/www.ftsafe.com\/payment\/wp-content\/uploads\/2023\/03\/Yan-Yan-S-48x46.png 48w\" sizes=\"(max-width: 551px) 100vw, 551px\" \/>\t\t\t\t\t\t\t\t<\/a>\n\t\t\t\t\t\t\t\t\t\t\t<\/div>\n\t\t\t\t<\/div>\n\t\t\t\t<\/div>\n\t\t\t\t\t\t<\/div>\n\t\t\t\t\t<\/div>\n\t\t<\/div>\n\t\t\t\t<div class=\"elementor-column elementor-col-50 elementor-top-column elementor-element elementor-element-2d31928 animated-slow elementor-invisible\" data-id=\"2d31928\" data-element_type=\"column\" data-settings=\"{&quot;animation&quot;:&quot;fadeInRight&quot;}\">\n\t\t\t<div class=\"elementor-column-wrap elementor-element-populated\">\n\t\t\t\t\t\t\t<div class=\"elementor-widget-wrap\">\n\t\t\t\t\t\t<div class=\"elementor-element elementor-element-c5f536a elementor-widget elementor-widget-text-editor\" data-id=\"c5f536a\" data-element_type=\"widget\" data-widget_type=\"text-editor.default\">\n\t\t\t\t<div class=\"elementor-widget-container\">\n\t\t\t\t\t<div class=\"elementor-text-editor elementor-clearfix\"><p>Yan Yan ha sido vicepresidente del grupo FEITIAN desde 2014, actuando como gerente general del Departamento de Negocios Internacionales (IBD) y la Unidad de Negocios de SmartCard (SBU).<\/p><p>Antes de unirse a FEITIAN, Yan Yan trabaj\u00f3 para G&amp;D (China) Technology Co., Ltd. durante 15 a\u00f1os, como jefe de gesti\u00f3n de productos.<\/p><p>Obtiene una Master en ingenier\u00eda de la Universidad Beihang de Beijing y una Licenciatura en Automatizaci\u00f3n El\u00e9ctrica Industrial de la Universidad de Ciencia y Tecnolog\u00eda de Beijing.<\/p><\/div>\n\t\t\t\t<\/div>\n\t\t\t\t<\/div>\n\t\t\t\t\t\t<\/div>\n\t\t\t\t\t<\/div>\n\t\t<\/div>\n\t\t\t\t\t\t\t\t<\/div>\n\t\t\t\t\t<\/div>\n\t\t<\/section>\n\t\t\t\t<section class=\"elementor-section elementor-top-section elementor-element elementor-element-ec046a2 iot-payment-business-unit  elementor-section-boxed elementor-section-height-default elementor-section-height-default\" data-id=\"ec046a2\" data-element_type=\"section\" data-settings=\"{&quot;background_background&quot;:&quot;classic&quot;}\">\n\t\t\t\t\t\t<div class=\"elementor-container elementor-column-gap-default\">\n\t\t\t\t\t\t\t<div class=\"elementor-row\">\n\t\t\t\t\t<div class=\"elementor-column elementor-col-50 elementor-top-column elementor-element elementor-element-8c451a3 animated-slow elementor-invisible\" data-id=\"8c451a3\" data-element_type=\"column\" data-settings=\"{&quot;animation&quot;:&quot;fadeInLeft&quot;}\">\n\t\t\t<div class=\"elementor-column-wrap elementor-element-populated\">\n\t\t\t\t\t\t\t<div class=\"elementor-widget-wrap\">\n\t\t\t\t\t\t<div class=\"elementor-element elementor-element-f009990 elementor-widget elementor-widget-text-editor\" data-id=\"f009990\" data-element_type=\"widget\" data-widget_type=\"text-editor.default\">\n\t\t\t\t<div class=\"elementor-widget-container\">\n\t\t\t\t\t<div class=\"elementor-text-editor elementor-clearfix\"><p>Mahaveer ha sido un tecn\u00f3crata de IOT y pagos con m\u00e1s de 20 a\u00f1os de experiencia global en telecomunicaciones, BFSI y pagos, con s\u00f3lidas habilidades empresariales y una s\u00f3lida visi\u00f3n del mercado.<\/p><p>Como ingeniero de BE, MCA y MBA, actualmente lidera, comercializa y desarrolla negocios globales para IOT y Payment Business Vertical @ Feitian Group, mientras se concentra globalmente para enmarcar el desarrollo de negocios de Feitian, productos innovadores y estrategias de marketing.<\/p><p>Mahaveer ha sido un l\u00edder pragm\u00e1tico orientado a la acci\u00f3n, que forja y mantiene relaciones simbi\u00f3ticas con integridad. Tiene una visi\u00f3n empresarial s\u00f3lida, una determinaci\u00f3n inquebrantable para el \u00e9xito y habilidades comprobadas en la convergencia de recursos esenciales; formular y orientar la ejecuci\u00f3n de estrategias integrales de Emisi\u00f3n y Adquisici\u00f3n de tecnolog\u00eda.<\/p><p>Tener un conocimiento profundo con la actitud de un aprend\u00edz de lo \u00faltimo en tecnolog\u00edas de IOT, pagos, servicios financieros m\u00f3viles y de servicio tecnico de valor a\u00f1adido le permite conducir la innovaci\u00f3n y mejorar las ofertas de la empresa.<\/p><\/div>\n\t\t\t\t<\/div>\n\t\t\t\t<\/div>\n\t\t\t\t\t\t<\/div>\n\t\t\t\t\t<\/div>\n\t\t<\/div>\n\t\t\t\t<div class=\"elementor-column elementor-col-50 elementor-top-column elementor-element elementor-element-fc24173 animated-slow elementor-invisible\" data-id=\"fc24173\" data-element_type=\"column\" data-settings=\"{&quot;animation&quot;:&quot;fadeInRight&quot;}\">\n\t\t\t<div class=\"elementor-column-wrap elementor-element-populated\">\n\t\t\t\t\t\t\t<div class=\"elementor-widget-wrap\">\n\t\t\t\t\t\t<div class=\"elementor-element elementor-element-5c0b04a elementor-widget elementor-widget-image\" data-id=\"5c0b04a\" data-element_type=\"widget\" data-widget_type=\"image.default\">\n\t\t\t\t<div class=\"elementor-widget-container\">\n\t\t\t\t\t<div class=\"elementor-image\">\n\t\t\t\t\t\t\t\t\t\t\t<a href=\"https:\/\/www.linkedin.com\/in\/mahavirtelepro\/\">\n\t\t\t\t\t\t\t<img loading=\"lazy\" decoding=\"async\" width=\"551\" height=\"528\" src=\"https:\/\/www.ftsafe.com\/payment\/wp-content\/uploads\/2021\/06\/MahaveerShah.png\" class=\"attachment-full size-full\" alt=\"\" srcset=\"https:\/\/www.ftsafe.com\/payment\/wp-content\/uploads\/2021\/06\/MahaveerShah.png 551w, https:\/\/www.ftsafe.com\/payment\/wp-content\/uploads\/2021\/06\/MahaveerShah-300x287.png 300w, https:\/\/www.ftsafe.com\/payment\/wp-content\/uploads\/2021\/06\/MahaveerShah-24x24.png 24w, https:\/\/www.ftsafe.com\/payment\/wp-content\/uploads\/2021\/06\/MahaveerShah-36x34.png 36w, https:\/\/www.ftsafe.com\/payment\/wp-content\/uploads\/2021\/06\/MahaveerShah-48x46.png 48w\" sizes=\"(max-width: 551px) 100vw, 551px\" \/>\t\t\t\t\t\t\t\t<\/a>\n\t\t\t\t\t\t\t\t\t\t\t<\/div>\n\t\t\t\t<\/div>\n\t\t\t\t<\/div>\n\t\t\t\t\t\t<\/div>\n\t\t\t\t\t<\/div>\n\t\t<\/div>\n\t\t\t\t\t\t\t\t<\/div>\n\t\t\t\t\t<\/div>\n\t\t<\/section>\n\t\t\t\t<section class=\"elementor-section elementor-top-section elementor-element elementor-element-0f89b58 iot-payment-business-unit elementor-section-boxed elementor-section-height-default elementor-section-height-default\" data-id=\"0f89b58\" data-element_type=\"section\">\n\t\t\t\t\t\t<div class=\"elementor-container elementor-column-gap-default\">\n\t\t\t\t\t\t\t<div class=\"elementor-row\">\n\t\t\t\t\t<div class=\"elementor-column elementor-col-50 elementor-top-column elementor-element elementor-element-6f7ab65 animated-slow elementor-invisible\" data-id=\"6f7ab65\" data-element_type=\"column\" data-settings=\"{&quot;animation&quot;:&quot;fadeInLeft&quot;}\">\n\t\t\t<div class=\"elementor-column-wrap elementor-element-populated\">\n\t\t\t\t\t\t\t<div class=\"elementor-widget-wrap\">\n\t\t\t\t\t\t<div class=\"elementor-element elementor-element-cb928b5 elementor-widget elementor-widget-image\" data-id=\"cb928b5\" data-element_type=\"widget\" data-widget_type=\"image.default\">\n\t\t\t\t<div class=\"elementor-widget-container\">\n\t\t\t\t\t<div class=\"elementor-image\">\n\t\t\t\t\t\t\t\t\t\t\t<a href=\"https:\/\/www.linkedin.com\/in\/riad-laqlach-aa00b135\/\">\n\t\t\t\t\t\t\t<img loading=\"lazy\" decoding=\"async\" width=\"551\" height=\"528\" src=\"https:\/\/www.ftsafe.com\/payment\/wp-content\/uploads\/2021\/06\/RiadLAQLACH.png\" class=\"attachment-full size-full\" alt=\"\" srcset=\"https:\/\/www.ftsafe.com\/payment\/wp-content\/uploads\/2021\/06\/RiadLAQLACH.png 551w, https:\/\/www.ftsafe.com\/payment\/wp-content\/uploads\/2021\/06\/RiadLAQLACH-300x287.png 300w, https:\/\/www.ftsafe.com\/payment\/wp-content\/uploads\/2021\/06\/RiadLAQLACH-24x24.png 24w, https:\/\/www.ftsafe.com\/payment\/wp-content\/uploads\/2021\/06\/RiadLAQLACH-36x34.png 36w, https:\/\/www.ftsafe.com\/payment\/wp-content\/uploads\/2021\/06\/RiadLAQLACH-48x46.png 48w\" sizes=\"(max-width: 551px) 100vw, 551px\" \/>\t\t\t\t\t\t\t\t<\/a>\n\t\t\t\t\t\t\t\t\t\t\t<\/div>\n\t\t\t\t<\/div>\n\t\t\t\t<\/div>\n\t\t\t\t\t\t<\/div>\n\t\t\t\t\t<\/div>\n\t\t<\/div>\n\t\t\t\t<div class=\"elementor-column elementor-col-50 elementor-top-column elementor-element elementor-element-6bed639 animated-slow elementor-invisible\" data-id=\"6bed639\" data-element_type=\"column\" data-settings=\"{&quot;animation&quot;:&quot;fadeInRight&quot;}\">\n\t\t\t<div class=\"elementor-column-wrap elementor-element-populated\">\n\t\t\t\t\t\t\t<div class=\"elementor-widget-wrap\">\n\t\t\t\t\t\t<div class=\"elementor-element elementor-element-49c69bd elementor-widget elementor-widget-text-editor\" data-id=\"49c69bd\" data-element_type=\"widget\" data-widget_type=\"text-editor.default\">\n\t\t\t\t<div class=\"elementor-widget-container\">\n\t\t\t\t\t<div class=\"elementor-text-editor elementor-clearfix\"><p>Riad LAQLACH es un emprendedor en serie especializado en criptograf\u00eda, ciberseguridad y soluciones de pago digital. Recibi\u00f3 su licenciatura y master en Ingenier\u00eda (Seguridad de Datos) de la Universidad de Rabat. Comenz\u00f3 su carrera como l\u00edder de equipo en Grasp, un proveedor de plataforma de pago. Despu\u00e9s de lo cual comenz\u00f3 una variedad de negocios t\u00e9cnicos que van desde pagos digitales y aplicaciones VAS a varias implementaciones de blockchain.<\/p><p>Armado con una gran experiencia en la construcci\u00f3n de plataformas digitales escalables en todas las verticales tecnol\u00f3gicas, Riad se uni\u00f3 a Feitian para liderar la ingenier\u00eda e impulsar el desarrollo de productos que se alinea estrechamente con la estrategia comercial de Feitian para llevar sus servicios y soluciones tecnol\u00f3gicas como l\u00edder del mercado.<\/p><\/div>\n\t\t\t\t<\/div>\n\t\t\t\t<\/div>\n\t\t\t\t\t\t<\/div>\n\t\t\t\t\t<\/div>\n\t\t<\/div>\n\t\t\t\t\t\t\t\t<\/div>\n\t\t\t\t\t<\/div>\n\t\t<\/section>\n\t\t\t\t<section class=\"elementor-section elementor-top-section elementor-element elementor-element-649dbf1 iot-payment-business-unit  elementor-section-boxed elementor-section-height-default elementor-section-height-default\" data-id=\"649dbf1\" data-element_type=\"section\" data-settings=\"{&quot;background_background&quot;:&quot;classic&quot;}\">\n\t\t\t\t\t\t<div class=\"elementor-container elementor-column-gap-default\">\n\t\t\t\t\t\t\t<div class=\"elementor-row\">\n\t\t\t\t\t<div class=\"elementor-column elementor-col-50 elementor-top-column elementor-element elementor-element-004ad84 animated-slow elementor-invisible\" data-id=\"004ad84\" data-element_type=\"column\" data-settings=\"{&quot;animation&quot;:&quot;fadeInLeft&quot;}\">\n\t\t\t<div class=\"elementor-column-wrap elementor-element-populated\">\n\t\t\t\t\t\t\t<div class=\"elementor-widget-wrap\">\n\t\t\t\t\t\t<div class=\"elementor-element elementor-element-17f4fae elementor-widget elementor-widget-text-editor\" data-id=\"17f4fae\" data-element_type=\"widget\" data-widget_type=\"text-editor.default\">\n\t\t\t\t<div class=\"elementor-widget-container\">\n\t\t\t\t\t<div class=\"elementor-text-editor elementor-clearfix\"><p>\u00a0<\/p><p>Peter se uni\u00f3 a Feitian en 2011. Es el Jefe de Productos y R&amp;D de la Unidad de Negocios de IoT y Pagos. Tambien es el Gerente General de Departamento de Terminales Inteligentes. Es responsable del desarrollo de productos y de la cadena de suministro para garantizar un desarrollo comercial fluido.<\/p><p>La trayectoria profesional de Peter consiste en proporcionar continuamente a los clientes la mejor experiencia de producto. \u00c9l espera que los productos de terminales inteligentes de Feitian sean \u00fatiles para la informatizaci\u00f3n, la digitalizaci\u00f3n y la transformaci\u00f3n inteligente de varias industrias.<\/p><p>\u00a0<\/p><\/div>\n\t\t\t\t<\/div>\n\t\t\t\t<\/div>\n\t\t\t\t\t\t<\/div>\n\t\t\t\t\t<\/div>\n\t\t<\/div>\n\t\t\t\t<div class=\"elementor-column elementor-col-50 elementor-top-column elementor-element elementor-element-92942f0 animated-slow elementor-invisible\" data-id=\"92942f0\" data-element_type=\"column\" data-settings=\"{&quot;animation&quot;:&quot;fadeInRight&quot;}\">\n\t\t\t<div class=\"elementor-column-wrap elementor-element-populated\">\n\t\t\t\t\t\t\t<div class=\"elementor-widget-wrap\">\n\t\t\t\t\t\t<div class=\"elementor-element elementor-element-0507250 elementor-widget elementor-widget-image\" data-id=\"0507250\" data-element_type=\"widget\" data-widget_type=\"image.default\">\n\t\t\t\t<div class=\"elementor-widget-container\">\n\t\t\t\t\t<div class=\"elementor-image\">\n\t\t\t\t\t\t\t\t\t\t\t<a href=\"https:\/\/www.linkedin.com\/in\/mahavirtelepro\/\">\n\t\t\t\t\t\t\t<img loading=\"lazy\" decoding=\"async\" width=\"551\" height=\"528\" src=\"https:\/\/www.ftsafe.com\/payment\/wp-content\/uploads\/2023\/03\/Peter-Pi-S.png\" class=\"attachment-full size-full\" alt=\"\" srcset=\"https:\/\/www.ftsafe.com\/payment\/wp-content\/uploads\/2023\/03\/Peter-Pi-S.png 551w, https:\/\/www.ftsafe.com\/payment\/wp-content\/uploads\/2023\/03\/Peter-Pi-S-300x287.png 300w, https:\/\/www.ftsafe.com\/payment\/wp-content\/uploads\/2023\/03\/Peter-Pi-S-24x24.png 24w, https:\/\/www.ftsafe.com\/payment\/wp-content\/uploads\/2023\/03\/Peter-Pi-S-36x34.png 36w, https:\/\/www.ftsafe.com\/payment\/wp-content\/uploads\/2023\/03\/Peter-Pi-S-48x46.png 48w\" sizes=\"(max-width: 551px) 100vw, 551px\" \/>\t\t\t\t\t\t\t\t<\/a>\n\t\t\t\t\t\t\t\t\t\t\t<\/div>\n\t\t\t\t<\/div>\n\t\t\t\t<\/div>\n\t\t\t\t\t\t<\/div>\n\t\t\t\t\t<\/div>\n\t\t<\/div>\n\t\t\t\t\t\t\t\t<\/div>\n\t\t\t\t\t<\/div>\n\t\t<\/section>\n\t\t\t\t\t\t<\/div>\n\t\t\t\t\t\t<\/div>\n\t\t\t\t\t<\/div>\n\t\t","protected":false},"excerpt":{"rendered":"<p>Yan Yan ha sido vicepresidente del grupo FEITIAN desde 2014, actuando como gerente general del Departamento de Negocios Internacionales (IBD) y la Unidad de Negocios de SmartCard (SBU). Antes de unirse a FEITIAN, Yan Yan trabaj\u00f3 para G&amp;D (China) Technology Co., Ltd. durante 15 a\u00f1os, como jefe de gesti\u00f3n de productos. Obtiene una Master en [&hellip;]<\/p>\n","protected":false},"author":1,"featured_media":0,"parent":0,"menu_order":0,"comment_status":"closed","ping_status":"closed","template":"elementor_header_footer","meta":{"footnotes":""},"_links":{"self":[{"href":"https:\/\/www.ftsafe.com\/payment\/wp-json\/wp\/v2\/pages\/15298"}],"collection":[{"href":"https:\/\/www.ftsafe.com\/payment\/wp-json\/wp\/v2\/pages"}],"about":[{"href":"https:\/\/www.ftsafe.com\/payment\/wp-json\/wp\/v2\/types\/page"}],"author":[{"embeddable":true,"href":"https:\/\/www.ftsafe.com\/payment\/wp-json\/wp\/v2\/users\/1"}],"replies":[{"embeddable":true,"href":"https:\/\/www.ftsafe.com\/payment\/wp-json\/wp\/v2\/comments?post=15298"}],"version-history":[{"count":20,"href":"https:\/\/www.ftsafe.com\/payment\/wp-json\/wp\/v2\/pages\/15298\/revisions"}],"predecessor-version":[{"id":20261,"href":"https:\/\/www.ftsafe.com\/payment\/wp-json\/wp\/v2\/pages\/15298\/revisions\/20261"}],"wp:attachment":[{"href":"https:\/\/www.ftsafe.com\/payment\/wp-json\/wp\/v2\/media?parent=15298"}],"curies":[{"name":"wp","href":"https:\/\/api.w.org\/{rel}","templated":true}]}}