{"id":15095,"date":"2022-03-10T15:58:31","date_gmt":"2022-03-10T07:58:31","guid":{"rendered":"https:\/\/www.ftsafe.com\/payment\/?page_id=15095"},"modified":"2022-09-14T19:44:39","modified_gmt":"2022-09-14T11:44:39","slug":"news-events-3","status":"publish","type":"page","link":"https:\/\/www.ftsafe.com\/payment\/ru\/news-events-3\/","title":{"rendered":"\u041d\u043e\u0432\u043e\u0441\u0442\u0438 &#038; \u0441\u043e\u0431\u044b\u0442\u0438\u044f"},"content":{"rendered":"\t\t<div data-elementor-type=\"wp-page\" data-elementor-id=\"15095\" class=\"elementor elementor-15095\" data-elementor-settings=\"[]\">\n\t\t\t\t\t\t<div class=\"elementor-inner\">\n\t\t\t\t\t\t\t<div class=\"elementor-section-wrap\">\n\t\t\t\t\t\t\t<section class=\"elementor-section elementor-top-section elementor-element elementor-element-ccc1d16 elementor-section-full_width elementor-section-height-default elementor-section-height-default\" data-id=\"ccc1d16\" data-element_type=\"section\">\n\t\t\t\t\t\t<div class=\"elementor-container elementor-column-gap-default\">\n\t\t\t\t\t\t\t<div class=\"elementor-row\">\n\t\t\t\t\t<div class=\"elementor-column elementor-col-100 elementor-top-column elementor-element elementor-element-9ee89bc\" data-id=\"9ee89bc\" data-element_type=\"column\">\n\t\t\t<div class=\"elementor-column-wrap elementor-element-populated\">\n\t\t\t\t\t\t\t<div class=\"elementor-widget-wrap\">\n\t\t\t\t\t\t<div class=\"elementor-element elementor-element-3bba12d elementor-widget elementor-widget-image\" data-id=\"3bba12d\" data-element_type=\"widget\" data-widget_type=\"image.default\">\n\t\t\t\t<div class=\"elementor-widget-container\">\n\t\t\t\t\t<div class=\"elementor-image\">\n\t\t\t\t\t\t\t\t\t\t<img loading=\"lazy\" decoding=\"async\" width=\"1920\" height=\"600\" src=\"https:\/\/www.ftsafe.com\/payment\/wp-content\/uploads\/2022\/09\/Newsevent-banner.jpg\" class=\"attachment-full size-full\" alt=\"\" srcset=\"https:\/\/www.ftsafe.com\/payment\/wp-content\/uploads\/2022\/09\/Newsevent-banner.jpg 1920w, https:\/\/www.ftsafe.com\/payment\/wp-content\/uploads\/2022\/09\/Newsevent-banner-300x94.jpg 300w, https:\/\/www.ftsafe.com\/payment\/wp-content\/uploads\/2022\/09\/Newsevent-banner-1024x320.jpg 1024w, https:\/\/www.ftsafe.com\/payment\/wp-content\/uploads\/2022\/09\/Newsevent-banner-768x240.jpg 768w, https:\/\/www.ftsafe.com\/payment\/wp-content\/uploads\/2022\/09\/Newsevent-banner-1536x480.jpg 1536w, https:\/\/www.ftsafe.com\/payment\/wp-content\/uploads\/2022\/09\/Newsevent-banner-24x8.jpg 24w, https:\/\/www.ftsafe.com\/payment\/wp-content\/uploads\/2022\/09\/Newsevent-banner-36x11.jpg 36w, https:\/\/www.ftsafe.com\/payment\/wp-content\/uploads\/2022\/09\/Newsevent-banner-48x15.jpg 48w\" sizes=\"(max-width: 1920px) 100vw, 1920px\" \/>\t\t\t\t\t\t\t\t\t\t\t<\/div>\n\t\t\t\t<\/div>\n\t\t\t\t<\/div>\n\t\t\t\t\t\t<\/div>\n\t\t\t\t\t<\/div>\n\t\t<\/div>\n\t\t\t\t\t\t\t\t<\/div>\n\t\t\t\t\t<\/div>\n\t\t<\/section>\n\t\t\t\t<section class=\"elementor-section elementor-top-section elementor-element elementor-element-3204245 elementor-section-boxed elementor-section-height-default elementor-section-height-default\" data-id=\"3204245\" data-element_type=\"section\">\n\t\t\t\t\t\t<div class=\"elementor-container elementor-column-gap-default\">\n\t\t\t\t\t\t\t<div class=\"elementor-row\">\n\t\t\t\t\t<div class=\"elementor-column elementor-col-100 elementor-top-column elementor-element elementor-element-6ea8bcd\" data-id=\"6ea8bcd\" data-element_type=\"column\">\n\t\t\t<div class=\"elementor-column-wrap elementor-element-populated\">\n\t\t\t\t\t\t\t<div class=\"elementor-widget-wrap\">\n\t\t\t\t\t\t<div class=\"elementor-element elementor-element-29f97ae elementor-grid-2 elementor-grid-tablet-2 elementor-grid-mobile-1 elementor-posts--thumbnail-top elementor-card-shadow-yes elementor-posts__hover-gradient elementor-widget elementor-widget-posts\" data-id=\"29f97ae\" data-element_type=\"widget\" data-settings=\"{&quot;cards_columns&quot;:&quot;2&quot;,&quot;cards_row_gap&quot;:{&quot;unit&quot;:&quot;px&quot;,&quot;size&quot;:40,&quot;sizes&quot;:[]},&quot;cards_columns_tablet&quot;:&quot;2&quot;,&quot;cards_columns_mobile&quot;:&quot;1&quot;}\" data-widget_type=\"posts.cards\">\n\t\t\t\t<div class=\"elementor-widget-container\">\n\t\t\t\t\t<div class=\"elementor-posts-container elementor-posts elementor-posts--skin-cards elementor-grid\">\n\t\t\t\t<article class=\"elementor-post elementor-grid-item post-24653 post type-post status-publish format-standard has-post-thumbnail hentry category-news-events-ru\">\n\t\t\t<div class=\"elementor-post__card\">\n\t\t\t\t<a class=\"elementor-post__thumbnail__link\" href=\"https:\/\/www.ftsafe.com\/payment\/ru\/%d0%ba%d0%be%d0%bc%d0%bf%d0%b0%d0%bd%d0%b8%d1%8f-feitian-%d0%bf%d1%80%d0%b5%d0%b4%d1%81%d1%82%d0%b0%d0%b2%d0%b8%d0%bb%d0%b0-%d0%bd%d0%b0-%d0%b2%d1%8b%d1%81%d1%82%d0%b0%d0%b2%d0%ba%d0%b5-euroshop\/\" >\n\t\t\t<div class=\"elementor-post__thumbnail\"><img loading=\"lazy\" decoding=\"async\" width=\"2560\" height=\"1440\" src=\"https:\/\/www.ftsafe.com\/payment\/wp-content\/uploads\/2026\/02\/EuroShop-2026_\u753b\u677f-1-scaled.jpg\" class=\"attachment-full size-full\" alt=\"\" srcset=\"https:\/\/www.ftsafe.com\/payment\/wp-content\/uploads\/2026\/02\/EuroShop-2026_\u753b\u677f-1-scaled.jpg 2560w, https:\/\/www.ftsafe.com\/payment\/wp-content\/uploads\/2026\/02\/EuroShop-2026_\u753b\u677f-1-300x169.jpg 300w, https:\/\/www.ftsafe.com\/payment\/wp-content\/uploads\/2026\/02\/EuroShop-2026_\u753b\u677f-1-1024x576.jpg 1024w, https:\/\/www.ftsafe.com\/payment\/wp-content\/uploads\/2026\/02\/EuroShop-2026_\u753b\u677f-1-768x432.jpg 768w, https:\/\/www.ftsafe.com\/payment\/wp-content\/uploads\/2026\/02\/EuroShop-2026_\u753b\u677f-1-1536x864.jpg 1536w, https:\/\/www.ftsafe.com\/payment\/wp-content\/uploads\/2026\/02\/EuroShop-2026_\u753b\u677f-1-2048x1152.jpg 2048w, https:\/\/www.ftsafe.com\/payment\/wp-content\/uploads\/2026\/02\/EuroShop-2026_\u753b\u677f-1-24x14.jpg 24w, https:\/\/www.ftsafe.com\/payment\/wp-content\/uploads\/2026\/02\/EuroShop-2026_\u753b\u677f-1-36x20.jpg 36w, https:\/\/www.ftsafe.com\/payment\/wp-content\/uploads\/2026\/02\/EuroShop-2026_\u753b\u677f-1-48x27.jpg 48w\" sizes=\"(max-width: 2560px) 100vw, 2560px\" \/><\/div>\n\t\t<\/a>\n\t\t\t\t<div class=\"elementor-post__text\">\n\t\t\t\t<h5 class=\"elementor-post__title\">\n\t\t\t<a href=\"https:\/\/www.ftsafe.com\/payment\/ru\/%d0%ba%d0%be%d0%bc%d0%bf%d0%b0%d0%bd%d0%b8%d1%8f-feitian-%d0%bf%d1%80%d0%b5%d0%b4%d1%81%d1%82%d0%b0%d0%b2%d0%b8%d0%bb%d0%b0-%d0%bd%d0%b0-%d0%b2%d1%8b%d1%81%d1%82%d0%b0%d0%b2%d0%ba%d0%b5-euroshop\/\" >\n\t\t\t\t\u041a\u043e\u043c\u043f\u0430\u043d\u0438\u044f FEITIAN \u043f\u0440\u0435\u0434\u0441\u0442\u0430\u0432\u0438\u043b\u0430\u00a0\u043d\u0430 \u0432\u044b\u0441\u0442\u0430\u0432\u043a\u0435 EuroShop 2026 \u043f\u043e\u043b\u043d\u044b\u0439 \u0441\u043f\u0435\u043a\u0442\u0440 \u043f\u043b\u0430\u0442\u0435\u0436\u043d\u044b\u0445 \u0442\u0435\u0440\u043c\u0438\u043d\u0430\u043b\u043e\u0432, \u043e\u0442\u043a\u0440\u044b\u0432\u0430\u044e\u0449\u0438\u0445 \u0431\u0443\u0434\u0443\u0449\u0435\u0435 \u0440\u043e\u0437\u043d\u0438\u0447\u043d\u043e\u0439 \u0442\u043e\u0440\u0433\u043e\u0432\u043b\u0438\t\t\t<\/a>\n\t\t<\/h5>\n\t\t\t\t<div class=\"elementor-post__excerpt\">\n\t\t\t<p>\u041a\u043e\u043c\u043f\u0430\u043d\u0438\u044f FEITIAN \u043f\u0440\u0435\u0434\u0441\u0442\u0430\u0432\u0438\u043b\u0430\u00a0\u043d\u0430 \u0432\u044b\u0441\u0442\u0430\u0432\u043a\u0435 EuroShop 2026 \u043f\u043e\u043b\u043d\u044b\u0439 \u0441\u043f\u0435\u043a\u0442\u0440 \u043f\u043b\u0430\u0442\u0435\u0436\u043d\u044b\u0445 \u0442\u0435\u0440\u043c\u0438\u043d\u0430\u043b\u043e\u0432, \u043e\u0442\u043a\u0440\u044b\u0432\u0430\u044e\u0449\u0438\u0445 \u0431\u0443\u0434\u0443\u0449\u0435\u0435 \u0440\u043e\u0437\u043d\u0438\u0447\u043d\u043e\u0439 \u0442\u043e\u0440\u0433\u043e\u0432\u043b\u0438 \u0412 \u0442\u0435\u0447\u0435\u043d\u0438\u0435 \u043f\u044f\u0442\u0438 \u0434\u043d\u0435\u0439 \u0432\u044b\u0441\u0442\u0430\u0432\u043a\u0438 FEITIAN \u0434\u0435\u043c\u043e\u043d\u0441\u0442\u0440\u0438\u0440\u043e\u0432\u0430\u043b\u0430 \u043f\u043e\u043b\u043d\u044b\u0439 \u0430\u0441\u0441\u043e\u0440\u0442\u0438\u043c\u0435\u043d\u0442 \u0441\u0432\u043e\u0438\u0445 \u0438\u043d\u0442\u0435\u043b\u043b\u0435\u043a\u0442\u0443\u0430\u043b\u044c\u043d\u044b\u0445 \u043f\u043b\u0430\u0442\u0435\u0436\u043d\u044b\u0445 \u0442\u0435\u0440\u043c\u0438\u043d\u0430\u043b\u043e\u0432 \u0438 \u0440\u0435\u0448\u0435\u043d\u0438\u0439, \u043f\u0440\u0438\u0432\u043b\u0435\u043a\u0430\u044f<\/p>\n\t\t<\/div>\n\t\t\t\t<\/div>\n\t\t\t\t<div class=\"elementor-post__meta-data\">\n\t\t\t\t\t<span class=\"elementor-post-date\">\n\t\t\tMarch 6, 2026\t\t<\/span>\n\t\t\t\t<\/div>\n\t\t\t\t\t<\/div>\n\t\t<\/article>\n\t\t\t\t<article class=\"elementor-post elementor-grid-item post-24646 post type-post status-publish format-standard hentry category-uncategorized-fr\">\n\t\t\t<div class=\"elementor-post__card\">\n\t\t\t\t<div class=\"elementor-post__text\">\n\t\t\t\t<h5 class=\"elementor-post__title\">\n\t\t\t<a href=\"https:\/\/www.ftsafe.com\/payment\/fr\/feitian-faconne-lavenir-du-commerce-de-detail-avec-une-gamme-complete-de-terminaux-de-paiement-a-euroshop-2026\/\" >\n\t\t\t\tFEITIAN fa\u00e7onne l&#8217;avenir du commerce de d\u00e9tail avec une gamme compl\u00e8te de terminaux de paiement \u00e0 EuroShop 2026\t\t\t<\/a>\n\t\t<\/h5>\n\t\t\t\t<div class=\"elementor-post__excerpt\">\n\t\t\t<p>FEITIAN Technologies Co., Ltd., fournisseur leader de solutions de terminaux de paiement intelligents et de solutions d&#8217;identification, a conclu une participation tr\u00e8s r\u00e9ussie \u00e0 EuroShop 2026, le premier salon mondial<\/p>\n\t\t<\/div>\n\t\t\t\t<\/div>\n\t\t\t\t<div class=\"elementor-post__meta-data\">\n\t\t\t\t\t<span class=\"elementor-post-date\">\n\t\t\tMarch 5, 2026\t\t<\/span>\n\t\t\t\t<\/div>\n\t\t\t\t\t<\/div>\n\t\t<\/article>\n\t\t\t\t<article class=\"elementor-post elementor-grid-item post-24641 post type-post status-publish format-standard has-post-thumbnail hentry category-news-es\">\n\t\t\t<div class=\"elementor-post__card\">\n\t\t\t\t<a class=\"elementor-post__thumbnail__link\" href=\"https:\/\/www.ftsafe.com\/payment\/es\/feitian-impulsa-el-futuro-del-comercio-minorista-con-una-gama-completa-de-terminales-de-pago-en-euroshop-2026\/\" >\n\t\t\t<div class=\"elementor-post__thumbnail\"><img loading=\"lazy\" decoding=\"async\" width=\"2560\" height=\"1440\" src=\"https:\/\/www.ftsafe.com\/payment\/wp-content\/uploads\/2026\/02\/EuroShop-2026_\u753b\u677f-1-scaled.jpg\" class=\"attachment-full size-full\" alt=\"\" srcset=\"https:\/\/www.ftsafe.com\/payment\/wp-content\/uploads\/2026\/02\/EuroShop-2026_\u753b\u677f-1-scaled.jpg 2560w, https:\/\/www.ftsafe.com\/payment\/wp-content\/uploads\/2026\/02\/EuroShop-2026_\u753b\u677f-1-300x169.jpg 300w, https:\/\/www.ftsafe.com\/payment\/wp-content\/uploads\/2026\/02\/EuroShop-2026_\u753b\u677f-1-1024x576.jpg 1024w, https:\/\/www.ftsafe.com\/payment\/wp-content\/uploads\/2026\/02\/EuroShop-2026_\u753b\u677f-1-768x432.jpg 768w, https:\/\/www.ftsafe.com\/payment\/wp-content\/uploads\/2026\/02\/EuroShop-2026_\u753b\u677f-1-1536x864.jpg 1536w, https:\/\/www.ftsafe.com\/payment\/wp-content\/uploads\/2026\/02\/EuroShop-2026_\u753b\u677f-1-2048x1152.jpg 2048w, https:\/\/www.ftsafe.com\/payment\/wp-content\/uploads\/2026\/02\/EuroShop-2026_\u753b\u677f-1-24x14.jpg 24w, https:\/\/www.ftsafe.com\/payment\/wp-content\/uploads\/2026\/02\/EuroShop-2026_\u753b\u677f-1-36x20.jpg 36w, https:\/\/www.ftsafe.com\/payment\/wp-content\/uploads\/2026\/02\/EuroShop-2026_\u753b\u677f-1-48x27.jpg 48w\" sizes=\"(max-width: 2560px) 100vw, 2560px\" \/><\/div>\n\t\t<\/a>\n\t\t\t\t<div class=\"elementor-post__text\">\n\t\t\t\t<h5 class=\"elementor-post__title\">\n\t\t\t<a href=\"https:\/\/www.ftsafe.com\/payment\/es\/feitian-impulsa-el-futuro-del-comercio-minorista-con-una-gama-completa-de-terminales-de-pago-en-euroshop-2026\/\" >\n\t\t\t\tFEITIAN impulsa el futuro del comercio minorista con una gama completa de terminales de pago en EuroShop 2026\t\t\t<\/a>\n\t\t<\/h5>\n\t\t\t\t<div class=\"elementor-post__excerpt\">\n\t\t\t<p>FEITIAN Technologies Co., Ltd., un proveedor l\u00edder de soluciones de terminales de pago inteligentes y soluciones de identificaci\u00f3n, concluy\u00f3 una participaci\u00f3n muy exitosa en EuroShop 2026, la feria comercial minorista<\/p>\n\t\t<\/div>\n\t\t\t\t<\/div>\n\t\t\t\t<div class=\"elementor-post__meta-data\">\n\t\t\t\t\t<span class=\"elementor-post-date\">\n\t\t\tMarch 2, 2026\t\t<\/span>\n\t\t\t\t<\/div>\n\t\t\t\t\t<\/div>\n\t\t<\/article>\n\t\t\t\t<article class=\"elementor-post elementor-grid-item post-24635 post type-post status-publish format-standard has-post-thumbnail hentry category--ar\">\n\t\t\t<div class=\"elementor-post__card\">\n\t\t\t\t<a class=\"elementor-post__thumbnail__link\" href=\"https:\/\/www.ftsafe.com\/payment\/ar\/%d8%aa%d9%82%d9%88%d8%af-%d9%81%d9%8a%d8%aa%d9%8a%d8%a7%d9%86-%d9%85%d8%b3%d8%aa%d9%82%d8%a8%d9%84-%d8%aa%d8%ac%d8%a7%d8%b1%d8%a9-%d8%a7%d9%84%d8%aa%d8%ac%d8%b2%d8%a6%d8%a9-%d8%a8%d9%85%d8%ac%d9%85\/\" >\n\t\t\t<div class=\"elementor-post__thumbnail\"><img loading=\"lazy\" decoding=\"async\" width=\"2560\" height=\"1440\" src=\"https:\/\/www.ftsafe.com\/payment\/wp-content\/uploads\/2026\/02\/EuroShop-2026_\u753b\u677f-1-scaled.jpg\" class=\"attachment-full size-full\" alt=\"\" srcset=\"https:\/\/www.ftsafe.com\/payment\/wp-content\/uploads\/2026\/02\/EuroShop-2026_\u753b\u677f-1-scaled.jpg 2560w, https:\/\/www.ftsafe.com\/payment\/wp-content\/uploads\/2026\/02\/EuroShop-2026_\u753b\u677f-1-300x169.jpg 300w, https:\/\/www.ftsafe.com\/payment\/wp-content\/uploads\/2026\/02\/EuroShop-2026_\u753b\u677f-1-1024x576.jpg 1024w, https:\/\/www.ftsafe.com\/payment\/wp-content\/uploads\/2026\/02\/EuroShop-2026_\u753b\u677f-1-768x432.jpg 768w, https:\/\/www.ftsafe.com\/payment\/wp-content\/uploads\/2026\/02\/EuroShop-2026_\u753b\u677f-1-1536x864.jpg 1536w, https:\/\/www.ftsafe.com\/payment\/wp-content\/uploads\/2026\/02\/EuroShop-2026_\u753b\u677f-1-2048x1152.jpg 2048w, https:\/\/www.ftsafe.com\/payment\/wp-content\/uploads\/2026\/02\/EuroShop-2026_\u753b\u677f-1-24x14.jpg 24w, https:\/\/www.ftsafe.com\/payment\/wp-content\/uploads\/2026\/02\/EuroShop-2026_\u753b\u677f-1-36x20.jpg 36w, https:\/\/www.ftsafe.com\/payment\/wp-content\/uploads\/2026\/02\/EuroShop-2026_\u753b\u677f-1-48x27.jpg 48w\" sizes=\"(max-width: 2560px) 100vw, 2560px\" \/><\/div>\n\t\t<\/a>\n\t\t\t\t<div class=\"elementor-post__text\">\n\t\t\t\t<h5 class=\"elementor-post__title\">\n\t\t\t<a href=\"https:\/\/www.ftsafe.com\/payment\/ar\/%d8%aa%d9%82%d9%88%d8%af-%d9%81%d9%8a%d8%aa%d9%8a%d8%a7%d9%86-%d9%85%d8%b3%d8%aa%d9%82%d8%a8%d9%84-%d8%aa%d8%ac%d8%a7%d8%b1%d8%a9-%d8%a7%d9%84%d8%aa%d8%ac%d8%b2%d8%a6%d8%a9-%d8%a8%d9%85%d8%ac%d9%85\/\" >\n\t\t\t\t\u062a\u0642\u0648\u062f \u0641\u064a\u062a\u064a\u0627\u0646 \u0645\u0633\u062a\u0642\u0628\u0644 \u062a\u062c\u0627\u0631\u0629 \u0627\u0644\u062a\u062c\u0632\u0626\u0629 \u0628\u0645\u062c\u0645\u0648\u0639\u0629 \u0643\u0627\u0645\u0644\u0629 \u0645\u0646 \u0623\u062c\u0647\u0632\u0629 \u0627\u0644\u062f\u0641\u0639 \u0641\u064a \u0645\u0639\u0631\u0636 \u064a\u0648\u0631\u0648\u0634\u0648\u0628 2026\t\t\t<\/a>\n\t\t<\/h5>\n\t\t\t\t<div class=\"elementor-post__excerpt\">\n\t\t\t<p>\u0627\u062e\u062a\u062a\u0645\u062a \u0634\u0631\u0643\u0629 FEITIAN Technologies Co., Ltd.\u060c \u0627\u0644\u0631\u0627\u0626\u062f\u0629 \u0641\u064a \u062d\u0644\u0648\u0644 \u0623\u062c\u0647\u0632\u0629 \u0627\u0644\u062f\u0641\u0639 \u0627\u0644\u0630\u0643\u064a\u0629 \u0648\u062d\u0644\u0648\u0644 \u0627\u0644\u062a\u0639\u0631\u064a\u0641 \u0627\u0644\u0631\u0642\u0645\u064a\u060c \u0645\u0634\u0627\u0631\u0643\u062a\u0647\u0627 \u0627\u0644\u0646\u0627\u062c\u062d\u0629 \u0641\u064a \u0645\u0639\u0631\u0636 \u064a\u0648\u0631\u0648\u0634\u0648\u0628 2026\u060c \u0627\u0644\u0645\u0639\u0631\u0636 \u0627\u0644\u062a\u062c\u0627\u0631\u064a \u0627\u0644\u0639\u0627\u0644\u0645\u064a \u0627\u0644\u0623\u0628\u0631\u0632 \u0641\u064a \u0642\u0637\u0627\u0639 \u0627\u0644\u062a\u062c\u0632\u0626\u0629\u060c \u0648\u0627\u0644\u0630\u064a \u0623\u0642\u064a\u0645<\/p>\n\t\t<\/div>\n\t\t\t\t<\/div>\n\t\t\t\t<div class=\"elementor-post__meta-data\">\n\t\t\t\t\t<span class=\"elementor-post-date\">\n\t\t\tMarch 2, 2026\t\t<\/span>\n\t\t\t\t<\/div>\n\t\t\t\t\t<\/div>\n\t\t<\/article>\n\t\t\t\t<article class=\"elementor-post elementor-grid-item post-24603 post type-post status-publish format-standard has-post-thumbnail hentry category-news-events\">\n\t\t\t<div class=\"elementor-post__card\">\n\t\t\t\t<a class=\"elementor-post__thumbnail__link\" href=\"https:\/\/www.ftsafe.com\/payment\/feitian-powers-the-future-of-retail-with-full-payment-terminal-lineup-at-euroshop-2026\/\" >\n\t\t\t<div class=\"elementor-post__thumbnail\"><img loading=\"lazy\" decoding=\"async\" width=\"2560\" height=\"1440\" src=\"https:\/\/www.ftsafe.com\/payment\/wp-content\/uploads\/2026\/02\/EuroShop-2026_\u753b\u677f-1-scaled.jpg\" class=\"attachment-full size-full\" alt=\"\" srcset=\"https:\/\/www.ftsafe.com\/payment\/wp-content\/uploads\/2026\/02\/EuroShop-2026_\u753b\u677f-1-scaled.jpg 2560w, https:\/\/www.ftsafe.com\/payment\/wp-content\/uploads\/2026\/02\/EuroShop-2026_\u753b\u677f-1-300x169.jpg 300w, https:\/\/www.ftsafe.com\/payment\/wp-content\/uploads\/2026\/02\/EuroShop-2026_\u753b\u677f-1-1024x576.jpg 1024w, https:\/\/www.ftsafe.com\/payment\/wp-content\/uploads\/2026\/02\/EuroShop-2026_\u753b\u677f-1-768x432.jpg 768w, https:\/\/www.ftsafe.com\/payment\/wp-content\/uploads\/2026\/02\/EuroShop-2026_\u753b\u677f-1-1536x864.jpg 1536w, https:\/\/www.ftsafe.com\/payment\/wp-content\/uploads\/2026\/02\/EuroShop-2026_\u753b\u677f-1-2048x1152.jpg 2048w, https:\/\/www.ftsafe.com\/payment\/wp-content\/uploads\/2026\/02\/EuroShop-2026_\u753b\u677f-1-24x14.jpg 24w, https:\/\/www.ftsafe.com\/payment\/wp-content\/uploads\/2026\/02\/EuroShop-2026_\u753b\u677f-1-36x20.jpg 36w, https:\/\/www.ftsafe.com\/payment\/wp-content\/uploads\/2026\/02\/EuroShop-2026_\u753b\u677f-1-48x27.jpg 48w\" sizes=\"(max-width: 2560px) 100vw, 2560px\" \/><\/div>\n\t\t<\/a>\n\t\t\t\t<div class=\"elementor-post__text\">\n\t\t\t\t<h5 class=\"elementor-post__title\">\n\t\t\t<a href=\"https:\/\/www.ftsafe.com\/payment\/feitian-powers-the-future-of-retail-with-full-payment-terminal-lineup-at-euroshop-2026\/\" >\n\t\t\t\tFEITIAN Powers the Future of Retail with Full Payment Terminal Lineup at EuroShop 2026\t\t\t<\/a>\n\t\t<\/h5>\n\t\t\t\t<div class=\"elementor-post__excerpt\">\n\t\t\t<p>FEITIAN Technologies Co., Ltd., a leading provider of smart payment terminal solutions and identification solutions, concluded a highly successful participation at EuroShop 2026, the world&#8217;s premier retail trade fair, held<\/p>\n\t\t<\/div>\n\t\t\t\t<\/div>\n\t\t\t\t<div class=\"elementor-post__meta-data\">\n\t\t\t\t\t<span class=\"elementor-post-date\">\n\t\t\tFebruary 27, 2026\t\t<\/span>\n\t\t\t\t<\/div>\n\t\t\t\t\t<\/div>\n\t\t<\/article>\n\t\t\t\t<article class=\"elementor-post elementor-grid-item post-24596 post type-post status-publish format-standard has-post-thumbnail hentry category-news-events-ru\">\n\t\t\t<div class=\"elementor-post__card\">\n\t\t\t\t<a class=\"elementor-post__thumbnail__link\" href=\"https:\/\/www.ftsafe.com\/payment\/ru\/%d0%ba%d0%be%d0%bc%d0%bf%d0%b0%d0%bd%d0%b8%d1%8f-feitian-%d0%bd%d0%b0%d1%87%d0%b0%d0%bb%d0%b0-2026-%d0%b3%d0%be%d0%b4-%d1%81-%d0%b2%d0%bf%d0%b5%d1%87%d0%b0%d1%82%d0%bb%d1%8f%d1%8e%d1%89%d0%b5%d0%b3\/\" >\n\t\t\t<div class=\"elementor-post__thumbnail\"><img loading=\"lazy\" decoding=\"async\" width=\"2560\" height=\"1440\" src=\"https:\/\/www.ftsafe.com\/payment\/wp-content\/uploads\/2026\/01\/NRF-2026_\u753b\u677f-1-\u526f\u672c-scaled.jpg\" class=\"attachment-full size-full\" alt=\"\" srcset=\"https:\/\/www.ftsafe.com\/payment\/wp-content\/uploads\/2026\/01\/NRF-2026_\u753b\u677f-1-\u526f\u672c-scaled.jpg 2560w, https:\/\/www.ftsafe.com\/payment\/wp-content\/uploads\/2026\/01\/NRF-2026_\u753b\u677f-1-\u526f\u672c-300x169.jpg 300w, https:\/\/www.ftsafe.com\/payment\/wp-content\/uploads\/2026\/01\/NRF-2026_\u753b\u677f-1-\u526f\u672c-1024x576.jpg 1024w, https:\/\/www.ftsafe.com\/payment\/wp-content\/uploads\/2026\/01\/NRF-2026_\u753b\u677f-1-\u526f\u672c-768x432.jpg 768w, https:\/\/www.ftsafe.com\/payment\/wp-content\/uploads\/2026\/01\/NRF-2026_\u753b\u677f-1-\u526f\u672c-1536x864.jpg 1536w, https:\/\/www.ftsafe.com\/payment\/wp-content\/uploads\/2026\/01\/NRF-2026_\u753b\u677f-1-\u526f\u672c-2048x1152.jpg 2048w, https:\/\/www.ftsafe.com\/payment\/wp-content\/uploads\/2026\/01\/NRF-2026_\u753b\u677f-1-\u526f\u672c-24x14.jpg 24w, https:\/\/www.ftsafe.com\/payment\/wp-content\/uploads\/2026\/01\/NRF-2026_\u753b\u677f-1-\u526f\u672c-36x20.jpg 36w, https:\/\/www.ftsafe.com\/payment\/wp-content\/uploads\/2026\/01\/NRF-2026_\u753b\u677f-1-\u526f\u672c-48x27.jpg 48w\" sizes=\"(max-width: 2560px) 100vw, 2560px\" \/><\/div>\n\t\t<\/a>\n\t\t\t\t<div class=\"elementor-post__text\">\n\t\t\t\t<h5 class=\"elementor-post__title\">\n\t\t\t<a href=\"https:\/\/www.ftsafe.com\/payment\/ru\/%d0%ba%d0%be%d0%bc%d0%bf%d0%b0%d0%bd%d0%b8%d1%8f-feitian-%d0%bd%d0%b0%d1%87%d0%b0%d0%bb%d0%b0-2026-%d0%b3%d0%be%d0%b4-%d1%81-%d0%b2%d0%bf%d0%b5%d1%87%d0%b0%d1%82%d0%bb%d1%8f%d1%8e%d1%89%d0%b5%d0%b3\/\" >\n\t\t\t\t\u041a\u043e\u043c\u043f\u0430\u043d\u0438\u044f FEITIAN \u043d\u0430\u0447\u0430\u043b\u0430 2026 \u0433\u043e\u0434 \u0441 \u0432\u043f\u0435\u0447\u0430\u0442\u043b\u044f\u044e\u0449\u0435\u0433\u043e \u0443\u0447\u0430\u0441\u0442\u0438\u044f \u0432 \u0432\u044b\u0441\u0442\u0430\u0432\u043a\u0435 NRF \u0432 \u041d\u044c\u044e-\u0419\u043e\u0440\u043a\u0435\t\t\t<\/a>\n\t\t<\/h5>\n\t\t\t\t<div class=\"elementor-post__excerpt\">\n\t\t\t<p>\u041a\u043e\u043c\u043f\u0430\u043d\u0438\u044f FEITIAN Technologies Co., Ltd., \u0432\u0435\u0434\u0443\u0449\u0438\u0439 \u043f\u043e\u0441\u0442\u0430\u0432\u0449\u0438\u043a \u0440\u0435\u0448\u0435\u043d\u0438\u0439 \u0434\u043b\u044f \u0438\u043d\u0442\u0435\u043b\u043b\u0435\u043a\u0442\u0443\u0430\u043b\u044c\u043d\u044b\u0445 \u043f\u043b\u0430\u0442\u0435\u0436\u043d\u044b\u0445 \u0442\u0435\u0440\u043c\u0438\u043d\u0430\u043b\u043e\u0432 \u0438 \u0441\u0438\u0441\u0442\u0435\u043c \u0438\u0434\u0435\u043d\u0442\u0438\u0444\u0438\u043a\u0430\u0446\u0438\u0438, \u0443\u0441\u043f\u0435\u0448\u043d\u043e \u0437\u0430\u0432\u0435\u0440\u0448\u0438\u043b\u0430 \u0441\u0432\u043e\u0435 \u0443\u0447\u0430\u0441\u0442\u0438\u0435 \u0432 \u0432\u044b\u0441\u0442\u0430\u0432\u043a\u0435 NRF 2026: Retail\u2019s Big Show, \u043f\u0440\u043e\u0445\u043e\u0434\u0438\u0432\u0448\u0435\u0439 \u0432 \u0432\u044b\u0441\u0442\u0430\u0432\u043e\u0447\u043d\u043e\u043c \u0446\u0435\u043d\u0442\u0440\u0435<\/p>\n\t\t<\/div>\n\t\t\t\t<\/div>\n\t\t\t\t<div class=\"elementor-post__meta-data\">\n\t\t\t\t\t<span class=\"elementor-post-date\">\n\t\t\tJanuary 15, 2026\t\t<\/span>\n\t\t\t\t<\/div>\n\t\t\t\t\t<\/div>\n\t\t<\/article>\n\t\t\t\t<\/div>\n\t\t\t\t<nav class=\"elementor-pagination\" role=\"navigation\" aria-label=\"Pagination\">\n\t\t\t<span class=\"page-numbers prev\">&laquo; Previous<\/span>\n<span aria-current=\"page\" class=\"page-numbers current\"><span class=\"elementor-screen-only\">Page<\/span>1<\/span>\n<a class=\"page-numbers\" href=\"https:\/\/www.ftsafe.com\/payment\/wp-json\/wp\/v2\/pages\/15095\/page\/2\/\"><span class=\"elementor-screen-only\">Page<\/span>2<\/a>\n<a class=\"page-numbers\" href=\"https:\/\/www.ftsafe.com\/payment\/wp-json\/wp\/v2\/pages\/15095\/page\/3\/\"><span class=\"elementor-screen-only\">Page<\/span>3<\/a>\n<a class=\"page-numbers\" href=\"https:\/\/www.ftsafe.com\/payment\/wp-json\/wp\/v2\/pages\/15095\/page\/4\/\"><span class=\"elementor-screen-only\">Page<\/span>4<\/a>\n<a class=\"page-numbers\" href=\"https:\/\/www.ftsafe.com\/payment\/wp-json\/wp\/v2\/pages\/15095\/page\/5\/\"><span class=\"elementor-screen-only\">Page<\/span>5<\/a>\n<a class=\"page-numbers\" href=\"https:\/\/www.ftsafe.com\/payment\/wp-json\/wp\/v2\/pages\/15095\/page\/6\/\"><span class=\"elementor-screen-only\">Page<\/span>6<\/a>\n<a class=\"page-numbers next\" href=\"https:\/\/www.ftsafe.com\/payment\/wp-json\/wp\/v2\/pages\/15095\/page\/2\/\">Next &raquo;<\/a>\t\t<\/nav>\n\t\t\t\t<\/div>\n\t\t\t\t<\/div>\n\t\t\t\t\t\t<\/div>\n\t\t\t\t\t<\/div>\n\t\t<\/div>\n\t\t\t\t\t\t\t\t<\/div>\n\t\t\t\t\t<\/div>\n\t\t<\/section>\n\t\t\t\t\t\t<\/div>\n\t\t\t\t\t\t<\/div>\n\t\t\t\t\t<\/div>\n\t\t","protected":false},"excerpt":{"rendered":"","protected":false},"author":1,"featured_media":0,"parent":0,"menu_order":0,"comment_status":"closed","ping_status":"closed","template":"elementor_header_footer","meta":{"footnotes":""},"_links":{"self":[{"href":"https:\/\/www.ftsafe.com\/payment\/wp-json\/wp\/v2\/pages\/15095"}],"collection":[{"href":"https:\/\/www.ftsafe.com\/payment\/wp-json\/wp\/v2\/pages"}],"about":[{"href":"https:\/\/www.ftsafe.com\/payment\/wp-json\/wp\/v2\/types\/page"}],"author":[{"embeddable":true,"href":"https:\/\/www.ftsafe.com\/payment\/wp-json\/wp\/v2\/users\/1"}],"replies":[{"embeddable":true,"href":"https:\/\/www.ftsafe.com\/payment\/wp-json\/wp\/v2\/comments?post=15095"}],"version-history":[{"count":5,"href":"https:\/\/www.ftsafe.com\/payment\/wp-json\/wp\/v2\/pages\/15095\/revisions"}],"predecessor-version":[{"id":17327,"href":"https:\/\/www.ftsafe.com\/payment\/wp-json\/wp\/v2\/pages\/15095\/revisions\/17327"}],"wp:attachment":[{"href":"https:\/\/www.ftsafe.com\/payment\/wp-json\/wp\/v2\/media?parent=15095"}],"curies":[{"name":"wp","href":"https:\/\/api.w.org\/{rel}","templated":true}]}}